{"id":297,"date":"2021-06-19T15:13:24","date_gmt":"2021-06-19T13:13:24","guid":{"rendered":"https:\/\/modellflygklubbar.se\/omfk\/?page_id=297"},"modified":"2025-04-29T22:33:11","modified_gmt":"2025-04-29T20:33:11","slug":"foreningen","status":"publish","type":"page","link":"https:\/\/ostersundsmodellflygklubb.se\/?page_id=297","title":{"rendered":"F\u00f6reningen"},"content":{"rendered":"\n<p>\u00d6stersunds modellflygklubb har funnits i m\u00e5nga \u00e5r. Vi har ett eget flygf\u00e4lt med gr\u00e4sbana i n\u00e4rheten av Optands Flygf\u00e4lt utanf\u00f6r \u00d6stersund.<\/p>\n\n\n\n<p>\u00d6stersunds modellflygklubb \u00e4r medlem i Svenska RC-flygf\u00f6rbundet, RCFF, som \u00e4r en rikst\u00e4ckande ideell f\u00f6rening som har till syfte att fr\u00e4mja utbredningen av modellhobby som rekreation i Sverige. <a href=\"https:\/\/www.rcflyg.se\/\">L\u00e4s mer om RCFF<\/a>.<\/p>\n\n\n\n<p><\/p>\n\n\n\n<figure class=\"wp-block-embed is-type-video is-provider-youtube wp-block-embed-youtube wp-embed-aspect-16-9 wp-has-aspect-ratio\"><div class=\"wp-block-embed__wrapper\">\n<iframe loading=\"lazy\" title=\"Thomas J35   HD 720p\" width=\"800\" height=\"450\" src=\"https:\/\/www.youtube.com\/embed\/7rIsG7DEVYo?feature=oembed\" frameborder=\"0\" allow=\"accelerometer; autoplay; clipboard-write; encrypted-media; gyroscope; picture-in-picture; web-share\" referrerpolicy=\"strict-origin-when-cross-origin\" allowfullscreen><\/iframe>\n<\/div><\/figure>\n","protected":false},"excerpt":{"rendered":"<p>\u00d6stersunds modellflygklubb har funnits i m\u00e5nga \u00e5r. Vi har ett eget flygf\u00e4lt med gr\u00e4sbana i n\u00e4rheten av Optands Flygf\u00e4lt utanf\u00f6r \u00d6stersund. \u00d6stersunds modellflygklubb \u00e4r medlem i Svenska RC-flygf\u00f6rbundet, RCFF, som &#8230;<\/p>\n","protected":false},"author":5,"featured_media":0,"parent":0,"menu_order":0,"comment_status":"closed","ping_status":"closed","template":"","meta":{"_EventAllDay":false,"_EventTimezone":"","_EventStartDate":"","_EventEndDate":"","_EventStartDateUTC":"","_EventEndDateUTC":"","_EventShowMap":false,"_EventShowMapLink":false,"_EventURL":"","_EventCost":"","_EventCostDescription":"","_EventCurrencySymbol":"","_EventCurrencyCode":"","_EventCurrencyPosition":"","_EventDateTimeSeparator":"","_EventTimeRangeSeparator":"","_EventOrganizerID":[],"_EventVenueID":[],"_OrganizerEmail":"","_OrganizerPhone":"","_OrganizerWebsite":"","_VenueAddress":"","_VenueCity":"","_VenueCountry":"","_VenueProvince":"","_VenueState":"","_VenueZip":"","_VenuePhone":"","_VenueURL":"","_VenueStateProvince":"","_VenueLat":"","_VenueLng":"","_VenueShowMap":false,"_VenueShowMapLink":false,"footnotes":""},"class_list":["post-297","page","type-page","status-publish","hentry"],"acf":[],"_links":{"self":[{"href":"https:\/\/ostersundsmodellflygklubb.se\/index.php?rest_route=\/wp\/v2\/pages\/297","targetHints":{"allow":["GET"]}}],"collection":[{"href":"https:\/\/ostersundsmodellflygklubb.se\/index.php?rest_route=\/wp\/v2\/pages"}],"about":[{"href":"https:\/\/ostersundsmodellflygklubb.se\/index.php?rest_route=\/wp\/v2\/types\/page"}],"author":[{"embeddable":true,"href":"https:\/\/ostersundsmodellflygklubb.se\/index.php?rest_route=\/wp\/v2\/users\/5"}],"replies":[{"embeddable":true,"href":"https:\/\/ostersundsmodellflygklubb.se\/index.php?rest_route=%2Fwp%2Fv2%2Fcomments&post=297"}],"version-history":[{"count":8,"href":"https:\/\/ostersundsmodellflygklubb.se\/index.php?rest_route=\/wp\/v2\/pages\/297\/revisions"}],"predecessor-version":[{"id":1093,"href":"https:\/\/ostersundsmodellflygklubb.se\/index.php?rest_route=\/wp\/v2\/pages\/297\/revisions\/1093"}],"wp:attachment":[{"href":"https:\/\/ostersundsmodellflygklubb.se\/index.php?rest_route=%2Fwp%2Fv2%2Fmedia&parent=297"}],"curies":[{"name":"wp","href":"https:\/\/api.w.org\/{rel}","templated":true}]}}