{"id":36,"date":"2018-11-26T20:43:24","date_gmt":"2018-11-26T19:43:24","guid":{"rendered":"http:\/\/xn--stersundstrffen-blb80a.se\/omfk_reg\/?page_id=36"},"modified":"2026-05-06T22:43:33","modified_gmt":"2026-05-06T20:43:33","slug":"medlemssida-2","status":"publish","type":"page","link":"https:\/\/ostersundsmodellflygklubb.se\/?page_id=36","title":{"rendered":"Klubbtr\u00e4ff och Modellflygets dag 30\/5"},"content":{"rendered":"\n<p>Det kommer att h\u00e5llas \u00f6ppet hus p\u00e5 m\u00e5nga av landets modellflygf\u00e4lt 30\/5 f\u00f6r att visa upp v\u00e5r hobby och inbjuda nya medlemmar. Vi kommer att h\u00e5lla en klubbtr\u00e4ff och samtidigt ha en &#8221;publikdag&#8221; f\u00f6r att &nbsp;visa upp klubbens verksamhet.<\/p>\n\n\n\n<figure class=\"wp-block-image size-large\"><img loading=\"lazy\" decoding=\"async\" width=\"1024\" height=\"576\" src=\"https:\/\/ostersundsmodellflygklubb.se\/wp-content\/uploads\/2026\/05\/IMG_0510-1024x576.jpeg\" alt=\"\" class=\"wp-image-1261\" srcset=\"https:\/\/ostersundsmodellflygklubb.se\/wp-content\/uploads\/2026\/05\/IMG_0510-1024x576.jpeg 1024w, https:\/\/ostersundsmodellflygklubb.se\/wp-content\/uploads\/2026\/05\/IMG_0510-300x169.jpeg 300w, https:\/\/ostersundsmodellflygklubb.se\/wp-content\/uploads\/2026\/05\/IMG_0510-768x432.jpeg 768w, https:\/\/ostersundsmodellflygklubb.se\/wp-content\/uploads\/2026\/05\/IMG_0510-1536x864.jpeg 1536w, https:\/\/ostersundsmodellflygklubb.se\/wp-content\/uploads\/2026\/05\/IMG_0510-2048x1152.jpeg 2048w\" sizes=\"auto, (max-width: 1024px) 100vw, 1024px\" \/><\/figure>\n\n\n\n<p>Vi v\u00e4lkomnar sj\u00e4lvklart modellflygare fr\u00e5n andra klubbaratt bes\u00f6ka oss. Det finns goda m\u00f6jligheter f\u00f6r camping, husvagnar och husbilar. F\u00e4ltet tillg\u00e4ngligt b\u00e5de f\u00f6re och efter det aktuella datumet s\u00e5 det g\u00e5r fint att tillbringa n\u00e5gra dagar hos oss.<\/p>\n\n\n<div class=\"wp-block-image\">\n<figure class=\"alignleft size-large\"><img loading=\"lazy\" decoding=\"async\" width=\"1024\" height=\"768\" src=\"https:\/\/ostersundsmodellflygklubb.se\/wp-content\/uploads\/2026\/05\/IMG_0057-1024x768.jpeg\" alt=\"\" class=\"wp-image-1265\" srcset=\"https:\/\/ostersundsmodellflygklubb.se\/wp-content\/uploads\/2026\/05\/IMG_0057-1024x768.jpeg 1024w, https:\/\/ostersundsmodellflygklubb.se\/wp-content\/uploads\/2026\/05\/IMG_0057-300x225.jpeg 300w, https:\/\/ostersundsmodellflygklubb.se\/wp-content\/uploads\/2026\/05\/IMG_0057-768x576.jpeg 768w, https:\/\/ostersundsmodellflygklubb.se\/wp-content\/uploads\/2026\/05\/IMG_0057-1536x1152.jpeg 1536w, https:\/\/ostersundsmodellflygklubb.se\/wp-content\/uploads\/2026\/05\/IMG_0057-2048x1536.jpeg 2048w\" sizes=\"auto, (max-width: 1024px) 100vw, 1024px\" \/><\/figure>\n<\/div>\n\n\n<p class=\"has-small-font-size\">\/<\/p>\n\n\n\n<figure class=\"wp-block-image size-large\"><img loading=\"lazy\" decoding=\"async\" width=\"1024\" height=\"768\" src=\"https:\/\/ostersundsmodellflygklubb.se\/wp-content\/uploads\/2026\/05\/IMG_0340-1024x768.jpeg\" alt=\"\" class=\"wp-image-1263\" srcset=\"https:\/\/ostersundsmodellflygklubb.se\/wp-content\/uploads\/2026\/05\/IMG_0340-1024x768.jpeg 1024w, https:\/\/ostersundsmodellflygklubb.se\/wp-content\/uploads\/2026\/05\/IMG_0340-300x225.jpeg 300w, https:\/\/ostersundsmodellflygklubb.se\/wp-content\/uploads\/2026\/05\/IMG_0340-768x576.jpeg 768w, https:\/\/ostersundsmodellflygklubb.se\/wp-content\/uploads\/2026\/05\/IMG_0340-1536x1152.jpeg 1536w, https:\/\/ostersundsmodellflygklubb.se\/wp-content\/uploads\/2026\/05\/IMG_0340-2048x1536.jpeg 2048w\" sizes=\"auto, (max-width: 1024px) 100vw, 1024px\" \/><\/figure>\n\n\n\n<p>Du som \u00e4r intresserad av att se modellflyg, prata modellflyg eller kanske prova p\u00e5 \u00e4r v\u00e4lkommen. <\/p>\n\n\n\n<p>Modellflyg \u00e4r en hobby som passar de flesta, ung som gammal !<\/p>\n\n\n\n<figure class=\"wp-block-image size-full is-resized\"><img loading=\"lazy\" decoding=\"async\" width=\"818\" height=\"524\" src=\"https:\/\/ostersundsmodellflygklubb.se\/wp-content\/uploads\/2026\/05\/Notification_Center.png\" alt=\"\" class=\"wp-image-1278\" style=\"aspect-ratio:1.5611132336086049;object-fit:cover;width:840px;height:auto\" srcset=\"https:\/\/ostersundsmodellflygklubb.se\/wp-content\/uploads\/2026\/05\/Notification_Center.png 818w, https:\/\/ostersundsmodellflygklubb.se\/wp-content\/uploads\/2026\/05\/Notification_Center-300x192.png 300w, https:\/\/ostersundsmodellflygklubb.se\/wp-content\/uploads\/2026\/05\/Notification_Center-768x492.png 768w\" sizes=\"auto, (max-width: 818px) 100vw, 818px\" \/><\/figure>\n\n\n\n<p><strong>V\u00e4lkommen att bes\u00f6ka oss 30\/5 mellan kl 10 &#8211; 15 <\/strong><br>Grillen kommer att vara ig\u00e5ng runt lunchtid! Kaffe, dricka och glass finns att k\u00f6pa.<\/p>\n\n\n\n<p><\/p>\n","protected":false},"excerpt":{"rendered":"<p>Det kommer att h\u00e5llas \u00f6ppet hus p\u00e5 m\u00e5nga av landets modellflygf\u00e4lt 30\/5 f\u00f6r att visa upp v\u00e5r hobby och inbjuda nya medlemmar. Vi kommer att h\u00e5lla en klubbtr\u00e4ff och samtidigt &#8230;<\/p>\n","protected":false},"author":1,"featured_media":0,"parent":0,"menu_order":0,"comment_status":"closed","ping_status":"closed","template":"template-fullwidth.php","meta":{"_EventAllDay":false,"_EventTimezone":"","_EventStartDate":"","_EventEndDate":"","_EventStartDateUTC":"","_EventEndDateUTC":"","_EventShowMap":false,"_EventShowMapLink":false,"_EventURL":"","_EventCost":"","_EventCostDescription":"","_EventCurrencySymbol":"","_EventCurrencyCode":"","_EventCurrencyPosition":"","_EventDateTimeSeparator":"","_EventTimeRangeSeparator":"","_EventOrganizerID":[],"_EventVenueID":[],"_OrganizerEmail":"","_OrganizerPhone":"","_OrganizerWebsite":"","_VenueAddress":"","_VenueCity":"","_VenueCountry":"","_VenueProvince":"","_VenueState":"","_VenueZip":"","_VenuePhone":"","_VenueURL":"","_VenueStateProvince":"","_VenueLat":"","_VenueLng":"","_VenueShowMap":false,"_VenueShowMapLink":false,"footnotes":""},"class_list":["post-36","page","type-page","status-publish","hentry"],"acf":[],"_links":{"self":[{"href":"https:\/\/ostersundsmodellflygklubb.se\/index.php?rest_route=\/wp\/v2\/pages\/36","targetHints":{"allow":["GET"]}}],"collection":[{"href":"https:\/\/ostersundsmodellflygklubb.se\/index.php?rest_route=\/wp\/v2\/pages"}],"about":[{"href":"https:\/\/ostersundsmodellflygklubb.se\/index.php?rest_route=\/wp\/v2\/types\/page"}],"author":[{"embeddable":true,"href":"https:\/\/ostersundsmodellflygklubb.se\/index.php?rest_route=\/wp\/v2\/users\/1"}],"replies":[{"embeddable":true,"href":"https:\/\/ostersundsmodellflygklubb.se\/index.php?rest_route=%2Fwp%2Fv2%2Fcomments&post=36"}],"version-history":[{"count":22,"href":"https:\/\/ostersundsmodellflygklubb.se\/index.php?rest_route=\/wp\/v2\/pages\/36\/revisions"}],"predecessor-version":[{"id":1300,"href":"https:\/\/ostersundsmodellflygklubb.se\/index.php?rest_route=\/wp\/v2\/pages\/36\/revisions\/1300"}],"wp:attachment":[{"href":"https:\/\/ostersundsmodellflygklubb.se\/index.php?rest_route=%2Fwp%2Fv2%2Fmedia&parent=36"}],"curies":[{"name":"wp","href":"https:\/\/api.w.org\/{rel}","templated":true}]}}