{"id":5,"date":"2018-11-26T13:50:35","date_gmt":"2018-11-26T12:50:35","guid":{"rendered":"http:\/\/xn--stersundstrffen-blb80a.se\/omfk_reg\/?page_id=5"},"modified":"2024-12-09T22:08:12","modified_gmt":"2024-12-09T21:08:12","slug":"registrera-dig-som-medlem","status":"publish","type":"page","link":"https:\/\/ostersundsmodellflygklubb.se\/?page_id=5","title":{"rendered":"Ans\u00f6k om att bli medlem"},"content":{"rendered":"<p>Ett medlemsskap i \u00d6stersunds Modellflygklubb (\u00d6MFK) inneb\u00e4r att du ocks\u00e5 blir medlem i Svenska RC-flygf\u00f6rundet (RCFF) och i och med detta omfattas du av RCFFs ansvarsf\u00f6rs\u00e4kring n\u00e4r du modellflyger. Medlemsskap i \u00d6MFK kostar 700 kr\/\u00e5r samt RCFF-avgift p\u00e5 100 kr\/\u00e5r.<\/p>\n<p>Du kan ocks\u00e5 bli g\u00e4stmedlem. Om du \u00e4r aktiv och vill flyga p\u00e5 v\u00e5rt f\u00e4lt r\u00e4knar vi med att du har betalat avgift till RCFF\/SMFF via din hemmaklubb. \u00c4r du &#8221;icke flygande&#8221; medlem kr\u00e4vas inte RCFF\/SMFF-avgift. G\u00e4stmedlemskap kostar 200 kr\/\u00e5r.<\/p>\n<p>Fyll i din medlemsans\u00f6kan s\u00e5 kontaktar vi dig med instruktioner om betalning.<\/p>\n<p><a href=\"http:\/\/rcff-register.se\/?page_id=182\" target=\"_blank\" rel=\"noopener noreferrer\">RCFFs s\u00e4kerhetsregler<\/a><\/p>\n<div class=\"wrap pdb-signup pdb-instance-2\" >\n\n    <form method=\"post\" enctype=\"multipart\/form-data\"  autocomplete=\"off\" action=\"\/index.php?rest_route=%2Fwp%2Fv2%2Fpages%2F5\" ><input name=\"action\" type=\"hidden\" value=\"signup\" \/>\n\n<input name=\"subsource\" type=\"hidden\" value=\"participants-database\" \/>\n\n<input name=\"shortcode_page\" type=\"hidden\" value=\"\/index.php?rest_route=%2Fwp%2Fv2%2Fpages%2F5\" \/>\n\n<input name=\"thanks_page\" type=\"hidden\" value=\"https:\/\/ostersundsmodellflygklubb.se\/?page_id=120\" \/>\n\n<input name=\"instance_index\" type=\"hidden\" value=\"2\" \/>\n\n<input name=\"pdb_data_keys\" type=\"hidden\" value=\"20.1.2.3.7.4.34.35.8.9.22.23.24.36.10.25.13.40\" \/>\n\n<input name=\"session_hash\" type=\"hidden\" value=\"9c265f14c7\" \/>\n\n    <table class=\"form-table pdb-signup\">\n\n      \n      <tbody class=\"field-group field-group-main\">\n        \n                \n        \n        <tr class=\"multi-checkbox s\u00e4kerhet-input-group\">\n\n          <th for=\"pdb-s\u00e4kerhet-2\">S\u00e4kerhet<span class=\"reqd\">*<\/span><\/th>\n\n          <td>\n\n            <div class=\"multicheckbox\">\n<input name=\"s\u00e4kerhet[]\" id=\"pdb-s\u00e4kerhet-2-default\" class=\"required-field\" type=\"hidden\" value=\"\" \/>\n<div class=\"checkbox-group\">\n<fieldset class=\"no-border\">\n<legend class=\"screen-reader-text\">S\u00e4kerhet<\/legend>\n<label class=\"required-field\" for=\"pdb-skerhet-jag-har-lst-och-accepterar-rcffs-skerhetsregler-och-mfks-lokala-regler-2\">\n<input name=\"s\u00e4kerhet[]\" id=\"pdb-skerhet-jag-har-lst-och-accepterar-rcffs-skerhetsregler-och-mfks-lokala-regler-2\" class=\"required-field\" type=\"checkbox\" value=\"Jag har l\u00e4st och accepterar RCFFs s\u00e4kerhetsregler och \u00d6MFKs lokala regler\" \/>\nJag har l\u00e4st och accepterar RCFFs s\u00e4kerhetsregler och \u00d6MFKs lokala regler<\/label>\n<\/fieldset><!-- .no-border --><\/div><!-- .checkbox-group -->\n<\/div>\n\n                        \n          <\/td>\n\n        <\/tr>\n  \n        \n        <tr class=\"text-line first_name-input-group\">\n\n          <th for=\"pdb-first_name-2\">F\u00f6rnamn<span class=\"reqd\">*<\/span><\/th>\n\n          <td>\n\n            <input name=\"first_name\" id=\"pdb-first_name-2\" class=\"required-field regular-text\" type=\"text\" value=\"\" \/>\n\n                        \n          <\/td>\n\n        <\/tr>\n  \n        \n        <tr class=\"text-line last_name-input-group\">\n\n          <th for=\"pdb-last_name-2\">Efternamn<span class=\"reqd\">*<\/span><\/th>\n\n          <td>\n\n            <input name=\"last_name\" id=\"pdb-last_name-2\" class=\"required-field regular-text\" type=\"text\" value=\"\" \/>\n\n                        \n          <\/td>\n\n        <\/tr>\n  \n        \n        <tr class=\"text-line address-input-group\">\n\n          <th for=\"pdb-address-2\">Adress<span class=\"reqd\">*<\/span><\/th>\n\n          <td>\n\n            <input name=\"address\" id=\"pdb-address-2\" class=\"required-field regular-text\" type=\"text\" value=\"\" \/>\n\n                        \n          <\/td>\n\n        <\/tr>\n  \n        \n        <tr class=\"text-line zip-input-group\">\n\n          <th for=\"pdb-zip-2\">Postnummer<span class=\"reqd\">*<\/span><\/th>\n\n          <td>\n\n            <input name=\"zip\" id=\"pdb-zip-2\" class=\"required-field regular-text\" type=\"text\" value=\"\" \/>\n\n                        \n          <\/td>\n\n        <\/tr>\n  \n        \n        <tr class=\"text-line city-input-group\">\n\n          <th for=\"pdb-city-2\">Ort<span class=\"reqd\">*<\/span><\/th>\n\n          <td>\n\n            <input name=\"city\" id=\"pdb-city-2\" class=\"required-field regular-text\" type=\"text\" value=\"\" \/>\n\n                        \n          <\/td>\n\n        <\/tr>\n  \n        \n        <tr class=\"text-line f\u00f6delsenummer-input-group\">\n\n          <th for=\"pdb-f\u00f6delsenummer-2\">F\u00f6delsenummer<span class=\"reqd\">*<\/span><\/th>\n\n          <td>\n\n            <input name=\"f\u00f6delsenummer\" id=\"pdb-f\u00f6delsenummer-2\" class=\"required-field regular-text\" type=\"text\" value=\"\" \/>\n\n                        <span class=\"helptext\">\u00e5\u00e5\u00e5\u00e5-mm-dd<\/span>\n                        \n          <\/td>\n\n        <\/tr>\n  \n        \n        <tr class=\"text-line operat\u00f6rsid-input-group\">\n\n          <th for=\"pdb-operat\u00f6rsid-2\">Operat\u00f6rsID<\/th>\n\n          <td>\n\n            <input name=\"operat\u00f6rsid\" id=\"pdb-operat\u00f6rsid-2\" class=\" regular-text\" type=\"text\" value=\"\" \/>\n\n                        <span class=\"helptext\">Transportstyrelsens operat\u00f6rsID (om du har ett)<\/span>\n                        \n          <\/td>\n\n        <\/tr>\n  \n        \n        <tr class=\"text-line phone-input-group\">\n\n          <th for=\"pdb-phone-2\">Mobil \/ Telefon<span class=\"reqd\">*<\/span><\/th>\n\n          <td>\n\n            <input name=\"phone\" id=\"pdb-phone-2\" class=\"required-field regular-text\" type=\"text\" value=\"\" \/>\n\n                        <span class=\"helptext\">Helst mobilnummer<\/span>\n                        \n          <\/td>\n\n        <\/tr>\n  \n        \n        <tr class=\"text-line email-input-group\">\n\n          <th for=\"pdb-email-2\">E-post<span class=\"reqd\">*<\/span><\/th>\n\n          <td>\n\n            <input name=\"email\" id=\"pdb-email-2\" class=\"required-field regular-text\" type=\"text\" value=\"\" \/>\n\n                        <span class=\"helptext\">Bekr\u00e4ftelse skickas till denna adress<\/span>\n                        \n          <\/td>\n\n        <\/tr>\n  \n        \n        <tr class=\"text-line e_mail_2-input-group\">\n\n          <th for=\"pdb-e_mail_2-2\">E-post<span class=\"reqd\">*<\/span><\/th>\n\n          <td>\n\n            <input name=\"e_mail_2\" id=\"pdb-e_mail_2-2\" class=\"required-field regular-text\" type=\"text\" value=\"\" \/>\n\n                        <span class=\"helptext\">Ange din E-post-adress igen<\/span>\n                        \n          <\/td>\n\n        <\/tr>\n  \n        \n        <tr class=\"text-line forum_id-input-group\">\n\n          <th for=\"pdb-forum_id-2\">Forum_ID<\/th>\n\n          <td>\n\n            <input name=\"forum_id\" id=\"pdb-forum_id-2\" class=\" regular-text\" type=\"text\" value=\"\" \/>\n\n                        <span class=\"helptext\">RCFF-forumnamn om du har ett, annars tomt<\/span>\n                        \n          <\/td>\n\n        <\/tr>\n  \n        \n        <tr class=\"text-line klubb-input-group\">\n\n          <th for=\"pdb-klubb-2\">Klubb<\/th>\n\n          <td>\n\n            <input name=\"klubb\" id=\"pdb-klubb-2\" class=\" regular-text\" type=\"text\" value=\"\u00d6MFK\" \/>\n\n                        <span class=\"helptext\">G\u00e4stmedlem - ange \u00e4ven din hemmaklubb<\/span>\n                        \n          <\/td>\n\n        <\/tr>\n  \n        \n        <tr class=\"multi-checkbox g\u00e4stmedlem-input-group\">\n\n          <th for=\"pdb-g\u00e4stmedlem-2\">G\u00e4stmedlem (200 kr\/\u00e5r)<\/th>\n\n          <td>\n\n            <div class=\"multicheckbox\">\n<input name=\"g\u00e4stmedlem[]\" id=\"pdb-g\u00e4stmedlem-2-default\" type=\"hidden\" value=\"\" \/>\n<div class=\"checkbox-group\">\n<fieldset class=\"no-border\">\n<legend class=\"screen-reader-text\">G\u00e4stmedlem (200 kr\/\u00e5r)<\/legend>\n<label for=\"pdb-gstmedlem-passiv-ej-rcffsmff-avgift-2\">\n<input name=\"g\u00e4stmedlem[]\" id=\"pdb-gstmedlem-passiv-ej-rcffsmff-avgift-2\" type=\"checkbox\" value=\"Passiv (ej RCFF\/SMFF-avgift)\" \/>\nPassiv (ej RCFF\/SMFF-avgift)<\/label>\n<label for=\"pdb-gstmedlem-flyger-rcffsmff-avgift-betalt-via-annan-klubb-2\">\n<input name=\"g\u00e4stmedlem[]\" id=\"pdb-gstmedlem-flyger-rcffsmff-avgift-betalt-via-annan-klubb-2\" type=\"checkbox\" value=\"Flyger (RCFF\/SMFF-avgift betalt via annan klubb)\" \/>\nFlyger (RCFF\/SMFF-avgift betalt via annan klubb)<\/label>\n<\/fieldset><!-- .no-border --><\/div><!-- .checkbox-group -->\n<\/div>\n\n                        \n          <\/td>\n\n        <\/tr>\n  \n        \n        <tr class=\"multi-checkbox mailing_list-input-group\">\n\n          <th for=\"pdb-mailing_list-2\">Maillista<\/th>\n\n          <td>\n\n            <div class=\"multicheckbox\">\n<input name=\"mailing_list[]\" id=\"pdb-mailing_list-2-default\" type=\"hidden\" value=\"\" \/>\n<div class=\"checkbox-group\">\n<fieldset class=\"no-border\">\n<legend class=\"screen-reader-text\">Maillista<\/legend>\n<label for=\"pdb-mailing_list-jag-accepterar-att-ing-i-mfks-och-rcffs-maillista-2\">\n<input name=\"mailing_list[]\" id=\"pdb-mailing_list-jag-accepterar-att-ing-i-mfks-och-rcffs-maillista-2\" type=\"checkbox\" value=\"Jag accepterar att ing\u00e5 i \u00d6MFKs och RCFFs maillista\" \/>\nJag accepterar att ing\u00e5 i \u00d6MFKs och RCFFs maillista<\/label>\n<\/fieldset><!-- .no-border --><\/div><!-- .checkbox-group -->\n<\/div>\n\n                        \n          <\/td>\n\n        <\/tr>\n  \n        \n        <tr class=\"multi-checkbox godk\u00e4nner_lagring_av_min_uppgifter-input-group\">\n\n          <th for=\"pdb-godk\u00e4nner_lagring_av_min_uppgifter-2\">Godk\u00e4nnande<\/th>\n\n          <td>\n\n            <div class=\"multicheckbox\">\n<input name=\"godk\u00e4nner_lagring_av_min_uppgifter[]\" id=\"pdb-godk\u00e4nner_lagring_av_min_uppgifter-2-default\" type=\"hidden\" value=\"\" \/>\n<div class=\"checkbox-group\">\n<fieldset class=\"no-border\">\n<legend class=\"screen-reader-text\">Godk\u00e4nnande<\/legend>\n<label for=\"pdb-godknner_lagring_av_min_uppgifter-jag-godknner-att-mfk-och-rcff-lagrar-min-uppgifter-2\">\n<input name=\"godk\u00e4nner_lagring_av_min_uppgifter[]\" id=\"pdb-godknner_lagring_av_min_uppgifter-jag-godknner-att-mfk-och-rcff-lagrar-min-uppgifter-2\" type=\"checkbox\" value=\"Jag godk\u00e4nner att \u00d6MFK och RCFF lagrar min uppgifter\" \/>\nJag godk\u00e4nner att \u00d6MFK och RCFF lagrar min uppgifter<\/label>\n<\/fieldset><!-- .no-border --><\/div><!-- .checkbox-group -->\n<\/div>\n\n                        \n          <\/td>\n\n        <\/tr>\n  \n        \n        <tr class=\"multi-checkbox interests-input-group\">\n\n          <th for=\"pdb-interests-2\">Intressen<\/th>\n\n          <td>\n\n            <div class=\"multicheckbox\">\n<input name=\"interests[]\" id=\"pdb-interests-2-default\" type=\"hidden\" value=\"\" \/>\n<div class=\"checkbox-group\">\n<fieldset class=\"no-border\">\n<legend class=\"screen-reader-text\">Intressen<\/legend>\n<label for=\"pdb-interests-flyg-2\">\n<input name=\"interests[]\" id=\"pdb-interests-flyg-2\" type=\"checkbox\" value=\"flyg\" \/>\nFlyg - allm\u00e4nt<\/label>\n<label for=\"pdb-interests-scale-2\">\n<input name=\"interests[]\" id=\"pdb-interests-scale-2\" type=\"checkbox\" value=\"scale\" \/>\nSkalaflyg<\/label>\n<label for=\"pdb-interests-jet-2\">\n<input name=\"interests[]\" id=\"pdb-interests-jet-2\" type=\"checkbox\" value=\"jet\" \/>\nJetflyg<\/label>\n<label for=\"pdb-interests-old-2\">\n<input name=\"interests[]\" id=\"pdb-interests-old-2\" type=\"checkbox\" value=\"old\" \/>\nOldtimer<\/label>\n<label for=\"pdb-interests-3d-2\">\n<input name=\"interests[]\" id=\"pdb-interests-3d-2\" type=\"checkbox\" value=\"3d\" \/>\n3D<\/label>\n<label for=\"pdb-interests-segel-2\">\n<input name=\"interests[]\" id=\"pdb-interests-segel-2\" type=\"checkbox\" value=\"segel\" \/>\nSegel<\/label>\n<label for=\"pdb-interests-heli-2\">\n<input name=\"interests[]\" id=\"pdb-interests-heli-2\" type=\"checkbox\" value=\"heli\" \/>\nHelikopter<\/label>\n<label for=\"pdb-interests-drone-2\">\n<input name=\"interests[]\" id=\"pdb-interests-drone-2\" type=\"checkbox\" value=\"drone\" \/>\nMultirotor<\/label>\n<label for=\"pdb-interests-bil-2\">\n<input name=\"interests[]\" id=\"pdb-interests-bil-2\" type=\"checkbox\" value=\"bil\" \/>\nBil<\/label>\n<label for=\"pdb-interests-bt-2\">\n<input name=\"interests[]\" id=\"pdb-interests-bt-2\" type=\"checkbox\" value=\"b\u00e5t\" \/>\nB\u00e5t<\/label>\n<\/fieldset><!-- .no-border --><\/div><!-- .checkbox-group -->\n<\/div>\n\n                        \n          <\/td>\n\n        <\/tr>\n  \n        \n        <tr class=\"captcha captcha-input-group\">\n\n          <th for=\"pdb-captcha-2\">Captcha<span class=\"reqd\">*<\/span><\/th>\n\n          <td>\n\n            <input name=\"captcha[]\" type=\"hidden\" value=\"%7B%22type%22%3A%22recaptcha%22%2C%22nonce%22%3A%22%22%2C%22info%22%3A%5B%5D%7D\" \/>\n\n\n        <input type=\"hidden\" name=\"captcha[]\" value=\"recaptcha-widget\" \/>\n\n      \n      <div id=\"recaptcha-widget\"><\/div>\n\n      \n\n                        \n          <\/td>\n\n        <\/tr>\n  \n                \n        <\/tbody>\n\n            \n        <tbody class=\"field-group field-group-submit\">\n      \n        <tr>\n          <td class=\"submit-buttons\">\n            \n           <input name=\"submit_button\" class=\"button-primary pdb-submit\" type=\"submit\" value=\"Skicka din ans\u00f6kan\" \/>\n            \n          <\/td>\n          <td class=\"submit-buttons\">\n            \n                      \n          <\/td>\n        <\/tr>\n        \n      <\/tbody>\n      \n    <\/table>\n    \n  <\/form>  \n<\/div>\n\n\n<p><\/p>\n","protected":false},"excerpt":{"rendered":"<p>Ett medlemsskap i \u00d6stersunds Modellflygklubb (\u00d6MFK) inneb\u00e4r att du ocks\u00e5 blir medlem i Svenska RC-flygf\u00f6rundet (RCFF) och i och med detta omfattas du av RCFFs ansvarsf\u00f6rs\u00e4kring n\u00e4r du modellflyger. Medlemsskap &#8230;<\/p>\n","protected":false},"author":1,"featured_media":0,"parent":0,"menu_order":0,"comment_status":"closed","ping_status":"closed","template":"template-fullwidth.php","meta":{"_EventAllDay":false,"_EventTimezone":"","_EventStartDate":"","_EventEndDate":"","_EventStartDateUTC":"","_EventEndDateUTC":"","_EventShowMap":false,"_EventShowMapLink":false,"_EventURL":"","_EventCost":"","_EventCostDescription":"","_EventCurrencySymbol":"","_EventCurrencyCode":"","_EventCurrencyPosition":"","_EventDateTimeSeparator":"","_EventTimeRangeSeparator":"","_EventOrganizerID":[],"_EventVenueID":[],"_OrganizerEmail":"","_OrganizerPhone":"","_OrganizerWebsite":"","_VenueAddress":"","_VenueCity":"","_VenueCountry":"","_VenueProvince":"","_VenueState":"","_VenueZip":"","_VenuePhone":"","_VenueURL":"","_VenueStateProvince":"","_VenueLat":"","_VenueLng":"","_VenueShowMap":false,"_VenueShowMapLink":false,"footnotes":""},"class_list":["post-5","page","type-page","status-publish","hentry"],"acf":[],"_links":{"self":[{"href":"https:\/\/ostersundsmodellflygklubb.se\/index.php?rest_route=\/wp\/v2\/pages\/5","targetHints":{"allow":["GET"]}}],"collection":[{"href":"https:\/\/ostersundsmodellflygklubb.se\/index.php?rest_route=\/wp\/v2\/pages"}],"about":[{"href":"https:\/\/ostersundsmodellflygklubb.se\/index.php?rest_route=\/wp\/v2\/types\/page"}],"author":[{"embeddable":true,"href":"https:\/\/ostersundsmodellflygklubb.se\/index.php?rest_route=\/wp\/v2\/users\/1"}],"replies":[{"embeddable":true,"href":"https:\/\/ostersundsmodellflygklubb.se\/index.php?rest_route=%2Fwp%2Fv2%2Fcomments&post=5"}],"version-history":[{"count":19,"href":"https:\/\/ostersundsmodellflygklubb.se\/index.php?rest_route=\/wp\/v2\/pages\/5\/revisions"}],"predecessor-version":[{"id":936,"href":"https:\/\/ostersundsmodellflygklubb.se\/index.php?rest_route=\/wp\/v2\/pages\/5\/revisions\/936"}],"wp:attachment":[{"href":"https:\/\/ostersundsmodellflygklubb.se\/index.php?rest_route=%2Fwp%2Fv2%2Fmedia&parent=5"}],"curies":[{"name":"wp","href":"https:\/\/api.w.org\/{rel}","templated":true}]}}