{"id":601,"date":"2023-03-10T16:13:28","date_gmt":"2023-03-10T15:13:28","guid":{"rendered":"https:\/\/modellflygklubbar.se\/omfk\/?page_id=601"},"modified":"2025-03-25T22:51:24","modified_gmt":"2025-03-25T21:51:24","slug":"segelflyg","status":"publish","type":"page","link":"https:\/\/ostersundsmodellflygklubb.se\/?page_id=601","title":{"rendered":"Segelflyg"},"content":{"rendered":"\n<p class=\"has-black-color has-text-color has-medium-font-size\"><strong>Segelt\u00e4vlingar enligt RES sommaren 2025<\/strong><\/p>\n\n\n\n<p><strong>Efter lite trevande f\u00f6rs\u00f6k f\u00f6rra \u00e5ret kommer vi i \u00d6MFK att till sommaren satsa lite h\u00e5rdare p\u00e5 att f\u00e5 ig\u00e5ng t\u00e4vlandet men i f\u00f6rsta hand f\u00f6r att tr\u00e4ffas, flyga och ha roligt tillsamman<\/strong>s.<\/p>\n\n\n\n<p>T\u00e4vlingsreglerna RES (rudder, elevator, spoiler) har kommit till i f\u00f6rsta hand f\u00f6r att kunna t\u00e4vla med enkla och prisbilliga modeller samt till enkla och tydliga regler.<\/p>\n\n\n\n<p>Modellerna ska ha max 2 meter i sp\u00e4nnvidd, enbart vara f\u00f6rsedda med h\u00f6jdroder och sidoroder f\u00f6r styrningen samt en eller tv\u00e5 spoilers p\u00e5 vingmittens \u00f6versida. Spoilern\/spoilerna \u00e4r till f\u00f6r att enkelt och s\u00e4kert kunna g\u00f6ra precisa landningar n\u00e4ra en best\u00e4md punkt p\u00e5 marken. F\u00f6rdelen med detta j\u00e4mf\u00f6rt det vi varit vana vid med v\u00e5ra \u00e4ldre 2-meters seglare \u00e4r att man slipper g\u00f6ra en massa sv\u00e4ngman\u00f6vrer och 360-graders sv\u00e4ngar f\u00f6r att f\u00e5 ner h\u00f6jden vid landningen. Detta g\u00f6r risken f\u00f6r skada p\u00e5 modellen vid landningen betydligt mindre. S\u00e5 kallad spettning \u00e4r inte till\u00e5ten vid landningen, modellen ska ocks\u00e5 vara hel och ligga r\u00e4ttv\u00e4nd f\u00f6r att landningen ska r\u00e4knas.<\/p>\n\n\n\n<p>Modellens vikt \u00e4r helt fri och ingen v\u00e4gning f\u00f6rekommer. Det \u00e4r upp till piloten att sj\u00e4lv best\u00e4mma hur mycket modellen ska v\u00e4ga en speciell t\u00e4vlingsdag. Man b\u00f6r allts\u00e5 se till att ordna ballastm\u00f6jlighet i modellen, det enda villkoret \u00e4r att ballasten ska vara inne i modellens kropp eller vingar. Man f\u00e5r inte f\u00e4sta vikter p\u00e5 utsidan av modellen. L\u00e4mpligt viktsspann p\u00e5 modellen kan vara ca 400 \u2013 600 gram. En annan bra regel \u00e4r att modellen till st\u00f6rsta delen ska vara byggd i tr\u00e4, dock \u00e4r det till\u00e5tet med kolfiberr\u00f6r som bakkropp och kolfiberbalkar och vingframkant i kolfiber.<\/p>\n\n\n\n<p>Man t\u00e4vlar med en idealtid p\u00e5 6 minuter och en landning s\u00e5 n\u00e4ra en markering p\u00e5 marken som m\u00f6jligt. Man m\u00e4ter sedan avst\u00e5ndet fr\u00e5n modellens nos till markeringen och f\u00e5r d\u00e5 en utr\u00e4knad landningspo\u00e4ng. F\u00f6r varje flygomg\u00e5ng har den t\u00e4vlande ett tidsf\u00f6nster p\u00e5 9 minuter f\u00f6r att g\u00f6ra sin flygning. Vid en misslyckad start kan man allts\u00e5 landa modellen och g\u00f6ra om flygningen, s\u00e5 m\u00e5nga g\u00e5nger man vill, bara man h\u00e5ller sig inom tidsf\u00f6nstret. Vi flyger normalt 5 omg\u00e5ngar per t\u00e4vling, men ingen flyoff om inte tv\u00e5 piloter har samma slutpo\u00e4ng.<\/p>\n\n\n\n<p>M\u00e4ngder av olika modellbyggsatser och \u00e4ven ARF:er finns att k\u00f6pa f\u00f6r en l\u00e5g kostnad. Gemensamt f\u00f6r alla byggsatser \u00e4r att de \u00e4r v\u00e4l f\u00f6rarbetade med laserskurna delar, men de kr\u00e4ver naturligtvis n\u00e5gra veckors roligt byggande. En mycket bra firma som verkligen rekommenderas \u00e4r <a href=\"https:\/\/zeller-modellbau.com\" target=\"_blank\" rel=\"noreferrer noopener\">https:\/\/zellermodellbau.com\/<\/a> Denna firma \u00e4r specialicerad p\u00e5 segel och speciellt RES, h\u00e4r g\u00e5r det att hitta allt med mycket korta leveranstider.<\/p>\n\n\n\n<p>I v\u00e5rt t\u00e4vlande i sommar g\u00e5r det utm\u00e4rkt att \u00e4ven anv\u00e4nda \u00e4ldre 2-meters seglare t ex Fling eller liknande s\u00e5 l\u00e4nge som de styrs enbart med sidoroder och h\u00f6jdroder. Vill man s\u00e5 \u00e4r det v\u00e4l heller ingen match f\u00f6r en modellbyggare att komplettera en s\u00e5dan seglare med spoiler\/spoilers p\u00e5 vingmittens \u00f6versida. Kort sagt alla med en 2-meters seglare kan vara med.<\/p>\n\n\n\n<p>Vi anv\u00e4nder v\u00e5r utm\u00e4rkta winch men vi kommer \u00e4ven att ha ett gummirep enligt RES-reglerna utlagt bredvid winchen. Prim\u00e4rt f\u00f6r att g\u00f6ra det m\u00f6jligt med en snabb omstart eller om man bara f\u00f6redrar att anv\u00e4nda gummirepet framf\u00f6r winchen.<\/p>\n\n\n\n<p>RES-reglerna finns bilagt h\u00e4r, men vi flyger med ovanst\u00e5ende till\u00e4gg s\u00e5 att alla kan vara med. Vi inleder med en tr\u00e4ningsdag enligt t\u00e4vlingskalendern. D\u00e5 \u00f6var vi p\u00e5 winchstart och gummirepstart med det avpassade RES-gummirepet, samt naturligtvis p\u00e5 flygning och landning.<\/p>\n\n\n\n<p class=\"has-black-color has-text-color has-small-font-size\">V\u00e4l m\u00f6tt i sommar alla segelflygfantaster <br>\/Robban<\/p>\n\n\n\n<p><\/p>\n\n\n\n<p><\/p>\n\n\n\n<p class=\"has-black-color has-text-color has-medium-font-size\"><strong>T\u00e4vlingskalender RES sommaren 2025, finns ocks\u00e5 i hemsidans kalender.<\/strong><\/p>\n\n\n\n<p>T\u00e4vling Torstens Minne 26\/4 med start kl 10:00, se regler och mer om t\u00e4vlingen under menyn Segelflyg -> Torstens Minne. (reservdag 27\/4)<\/p>\n\n\n\n<p>\u00d6MFK f\u00f6rsta klubbsegelt\u00e4vling som k\u00f6rs inom RES regler kommer att g\u00e5 av stapeln l\u00f6rdagen den 3:e maj kl. 11:00 \u00a0med reservdag s\u00f6ndag den 4:e maj.<\/p>\n\n\n\n<p>\u00d6vriga t\u00e4vlingsdagar blir:<br>L\u00f6rdag 7\/6<br>L\u00f6rdag 2\/8&nbsp;<br>L\u00f6rdag 6\/9<\/p>\n\n\n\n<p>Start kl 11:00 med efterf\u00f6ljande s\u00f6ndag som reservdag.&nbsp;<\/p>\n\n\n\n<p><strong>V\u00e4l m\u00f6tt f\u00f6r fina modellflyg dagar i sommar.<\/strong><\/p>\n\n\n\n<p>T\u00e4vlingsdagarna flygs normalt 5 omg\u00e5ngar. Vid s\u00e4mre v\u00e4der flygs 3 omg\u00e5ngar alternavt st\u00e4lls t\u00e4vlingen in. <\/p>\n\n\n\n<p><\/p>\n","protected":false},"excerpt":{"rendered":"<p>Segelt\u00e4vlingar enligt RES sommaren 2025 Efter lite trevande f\u00f6rs\u00f6k f\u00f6rra \u00e5ret kommer vi i \u00d6MFK att till sommaren satsa lite h\u00e5rdare p\u00e5 att f\u00e5 ig\u00e5ng t\u00e4vlandet men i f\u00f6rsta hand &#8230;<\/p>\n","protected":false},"author":4,"featured_media":0,"parent":0,"menu_order":0,"comment_status":"closed","ping_status":"closed","template":"template-fullwidth.php","meta":{"_EventAllDay":false,"_EventTimezone":"","_EventStartDate":"","_EventEndDate":"","_EventStartDateUTC":"","_EventEndDateUTC":"","_EventShowMap":false,"_EventShowMapLink":false,"_EventURL":"","_EventCost":"","_EventCostDescription":"","_EventCurrencySymbol":"","_EventCurrencyCode":"","_EventCurrencyPosition":"","_EventDateTimeSeparator":"","_EventTimeRangeSeparator":"","_EventOrganizerID":[],"_EventVenueID":[],"_OrganizerEmail":"","_OrganizerPhone":"","_OrganizerWebsite":"","_VenueAddress":"","_VenueCity":"","_VenueCountry":"","_VenueProvince":"","_VenueState":"","_VenueZip":"","_VenuePhone":"","_VenueURL":"","_VenueStateProvince":"","_VenueLat":"","_VenueLng":"","_VenueShowMap":false,"_VenueShowMapLink":false,"footnotes":""},"class_list":["post-601","page","type-page","status-publish","hentry"],"acf":[],"_links":{"self":[{"href":"https:\/\/ostersundsmodellflygklubb.se\/index.php?rest_route=\/wp\/v2\/pages\/601","targetHints":{"allow":["GET"]}}],"collection":[{"href":"https:\/\/ostersundsmodellflygklubb.se\/index.php?rest_route=\/wp\/v2\/pages"}],"about":[{"href":"https:\/\/ostersundsmodellflygklubb.se\/index.php?rest_route=\/wp\/v2\/types\/page"}],"author":[{"embeddable":true,"href":"https:\/\/ostersundsmodellflygklubb.se\/index.php?rest_route=\/wp\/v2\/users\/4"}],"replies":[{"embeddable":true,"href":"https:\/\/ostersundsmodellflygklubb.se\/index.php?rest_route=%2Fwp%2Fv2%2Fcomments&post=601"}],"version-history":[{"count":9,"href":"https:\/\/ostersundsmodellflygklubb.se\/index.php?rest_route=\/wp\/v2\/pages\/601\/revisions"}],"predecessor-version":[{"id":1077,"href":"https:\/\/ostersundsmodellflygklubb.se\/index.php?rest_route=\/wp\/v2\/pages\/601\/revisions\/1077"}],"wp:attachment":[{"href":"https:\/\/ostersundsmodellflygklubb.se\/index.php?rest_route=%2Fwp%2Fv2%2Fmedia&parent=601"}],"curies":[{"name":"wp","href":"https:\/\/api.w.org\/{rel}","templated":true}]}}