{"id":638,"date":"2023-06-17T22:45:56","date_gmt":"2023-06-17T20:45:56","guid":{"rendered":"https:\/\/modellflygklubbar.se\/omfk\/?page_id=638"},"modified":"2025-03-24T19:57:43","modified_gmt":"2025-03-24T18:57:43","slug":"segelflyg-klubbtavling-2-res","status":"publish","type":"page","link":"https:\/\/ostersundsmodellflygklubb.se\/?page_id=638","title":{"rendered":"Segelflyg \u2013 klubbt\u00e4vling enligt RES-regler"},"content":{"rendered":"\n<p><strong>2025-03-24: Hej alla modellflygare!<\/strong><\/p>\n\n\n\n<p>\u00d6MFK klubbsegelt\u00e4vling som k\u00f6rs inom RES regler kommer att g\u00e5 av stapeln l\u00f6rdagen den 3:e maj kl. 11:00 \u00a0med reservdag s\u00f6ndag den 4:e maj.<\/p>\n\n\n\n<p>\u00d6vriga t\u00e4vlingsdagar blir:<br>L\u00f6rdag 7\/6<br>L\u00f6rdag 2\/8 <br>L\u00f6rdag 6\/9<\/p>\n\n\n\n<p>Start kl 11:00 med efterf\u00f6ljande s\u00f6ndag som reservdag.&nbsp;<\/p>\n\n\n\n<p><strong>V\u00e4l m\u00f6tt f\u00f6r fina modellflyg dagar i sommar.<\/strong><\/p>\n\n\n\n<p><\/p>\n\n\n\n<p>2023-06-17: S\u00e4songens andra klubbt\u00e4vling enligt RES regler. Dagen bj\u00f6d p\u00e5 str\u00e5lande sol, v\u00e4xlande vind b\u00e5de vad g\u00e4llde riktning och styrka samt perioder med rej\u00e4l termik. Vi anv\u00e4nde b\u00e5de vinsch och gummirep f\u00f6r start beroende p\u00e5 vindriktning. En riktigt trevlig modellflygdag!<\/p>\n\n\n\n<p><\/p>\n\n\n\n<figure class=\"wp-block-gallery has-nested-images columns-default is-cropped wp-block-gallery-1 is-layout-flex wp-block-gallery-is-layout-flex\">\n<figure class=\"wp-block-image size-large\"><img loading=\"lazy\" decoding=\"async\" width=\"1024\" height=\"768\" data-id=\"645\" src=\"https:\/\/modellflygklubbar.se\/omfk\/wp-content\/uploads\/2023\/06\/IMG_3804-1024x768.jpeg\" alt=\"\" class=\"wp-image-645\" srcset=\"https:\/\/ostersundsmodellflygklubb.se\/wp-content\/uploads\/2023\/06\/IMG_3804-1024x768.jpeg 1024w, https:\/\/ostersundsmodellflygklubb.se\/wp-content\/uploads\/2023\/06\/IMG_3804-300x225.jpeg 300w, https:\/\/ostersundsmodellflygklubb.se\/wp-content\/uploads\/2023\/06\/IMG_3804-768x576.jpeg 768w, https:\/\/ostersundsmodellflygklubb.se\/wp-content\/uploads\/2023\/06\/IMG_3804-1536x1152.jpeg 1536w, https:\/\/ostersundsmodellflygklubb.se\/wp-content\/uploads\/2023\/06\/IMG_3804-2048x1536.jpeg 2048w\" sizes=\"auto, (max-width: 1024px) 100vw, 1024px\" \/><\/figure>\n\n\n\n<figure class=\"wp-block-image size-large\"><img loading=\"lazy\" decoding=\"async\" width=\"1024\" height=\"768\" data-id=\"644\" src=\"https:\/\/modellflygklubbar.se\/omfk\/wp-content\/uploads\/2023\/06\/IMG_3808-1024x768.jpeg\" alt=\"\" class=\"wp-image-644\" srcset=\"https:\/\/ostersundsmodellflygklubb.se\/wp-content\/uploads\/2023\/06\/IMG_3808-1024x768.jpeg 1024w, https:\/\/ostersundsmodellflygklubb.se\/wp-content\/uploads\/2023\/06\/IMG_3808-300x225.jpeg 300w, https:\/\/ostersundsmodellflygklubb.se\/wp-content\/uploads\/2023\/06\/IMG_3808-768x576.jpeg 768w, https:\/\/ostersundsmodellflygklubb.se\/wp-content\/uploads\/2023\/06\/IMG_3808-1536x1152.jpeg 1536w, https:\/\/ostersundsmodellflygklubb.se\/wp-content\/uploads\/2023\/06\/IMG_3808-2048x1536.jpeg 2048w\" sizes=\"auto, (max-width: 1024px) 100vw, 1024px\" \/><\/figure>\n\n\n\n<figure class=\"wp-block-image size-large\"><img loading=\"lazy\" decoding=\"async\" width=\"768\" height=\"1024\" data-id=\"643\" src=\"https:\/\/modellflygklubbar.se\/omfk\/wp-content\/uploads\/2023\/06\/IMG_3807-768x1024.jpeg\" alt=\"\" class=\"wp-image-643\" srcset=\"https:\/\/ostersundsmodellflygklubb.se\/wp-content\/uploads\/2023\/06\/IMG_3807-768x1024.jpeg 768w, https:\/\/ostersundsmodellflygklubb.se\/wp-content\/uploads\/2023\/06\/IMG_3807-225x300.jpeg 225w, https:\/\/ostersundsmodellflygklubb.se\/wp-content\/uploads\/2023\/06\/IMG_3807-1152x1536.jpeg 1152w, https:\/\/ostersundsmodellflygklubb.se\/wp-content\/uploads\/2023\/06\/IMG_3807-1536x2048.jpeg 1536w, https:\/\/ostersundsmodellflygklubb.se\/wp-content\/uploads\/2023\/06\/IMG_3807-scaled.jpeg 1920w\" sizes=\"auto, (max-width: 768px) 100vw, 768px\" \/><\/figure>\n\n\n\n<figure class=\"wp-block-image size-large\"><img loading=\"lazy\" decoding=\"async\" width=\"1024\" height=\"768\" data-id=\"642\" src=\"https:\/\/modellflygklubbar.se\/omfk\/wp-content\/uploads\/2023\/06\/IMG_3805-1024x768.jpeg\" alt=\"\" class=\"wp-image-642\" srcset=\"https:\/\/ostersundsmodellflygklubb.se\/wp-content\/uploads\/2023\/06\/IMG_3805-1024x768.jpeg 1024w, https:\/\/ostersundsmodellflygklubb.se\/wp-content\/uploads\/2023\/06\/IMG_3805-300x225.jpeg 300w, https:\/\/ostersundsmodellflygklubb.se\/wp-content\/uploads\/2023\/06\/IMG_3805-768x576.jpeg 768w, https:\/\/ostersundsmodellflygklubb.se\/wp-content\/uploads\/2023\/06\/IMG_3805-1536x1152.jpeg 1536w, https:\/\/ostersundsmodellflygklubb.se\/wp-content\/uploads\/2023\/06\/IMG_3805-2048x1536.jpeg 2048w\" sizes=\"auto, (max-width: 1024px) 100vw, 1024px\" \/><\/figure>\n\n\n\n<figure class=\"wp-block-image size-large\"><img loading=\"lazy\" decoding=\"async\" width=\"1024\" height=\"768\" data-id=\"641\" src=\"https:\/\/modellflygklubbar.se\/omfk\/wp-content\/uploads\/2023\/06\/IMG_3802-1024x768.jpeg\" alt=\"\" class=\"wp-image-641\" srcset=\"https:\/\/ostersundsmodellflygklubb.se\/wp-content\/uploads\/2023\/06\/IMG_3802-1024x768.jpeg 1024w, https:\/\/ostersundsmodellflygklubb.se\/wp-content\/uploads\/2023\/06\/IMG_3802-300x225.jpeg 300w, https:\/\/ostersundsmodellflygklubb.se\/wp-content\/uploads\/2023\/06\/IMG_3802-768x576.jpeg 768w, https:\/\/ostersundsmodellflygklubb.se\/wp-content\/uploads\/2023\/06\/IMG_3802-1536x1152.jpeg 1536w, https:\/\/ostersundsmodellflygklubb.se\/wp-content\/uploads\/2023\/06\/IMG_3802-2048x1536.jpeg 2048w\" sizes=\"auto, (max-width: 1024px) 100vw, 1024px\" \/><\/figure>\n\n\n\n<figure class=\"wp-block-image size-large\"><img loading=\"lazy\" decoding=\"async\" width=\"1024\" height=\"768\" data-id=\"640\" src=\"https:\/\/modellflygklubbar.se\/omfk\/wp-content\/uploads\/2023\/06\/IMG_3801-1024x768.jpeg\" alt=\"\" class=\"wp-image-640\" srcset=\"https:\/\/ostersundsmodellflygklubb.se\/wp-content\/uploads\/2023\/06\/IMG_3801-1024x768.jpeg 1024w, https:\/\/ostersundsmodellflygklubb.se\/wp-content\/uploads\/2023\/06\/IMG_3801-300x225.jpeg 300w, https:\/\/ostersundsmodellflygklubb.se\/wp-content\/uploads\/2023\/06\/IMG_3801-768x576.jpeg 768w, https:\/\/ostersundsmodellflygklubb.se\/wp-content\/uploads\/2023\/06\/IMG_3801-1536x1152.jpeg 1536w, https:\/\/ostersundsmodellflygklubb.se\/wp-content\/uploads\/2023\/06\/IMG_3801-2048x1536.jpeg 2048w\" sizes=\"auto, (max-width: 1024px) 100vw, 1024px\" \/><\/figure>\n<\/figure>\n","protected":false},"excerpt":{"rendered":"<p>2025-03-24: Hej alla modellflygare! \u00d6MFK klubbsegelt\u00e4vling som k\u00f6rs inom RES regler kommer att g\u00e5 av stapeln l\u00f6rdagen den 3:e maj kl. 11:00 \u00a0med reservdag s\u00f6ndag den 4:e maj. \u00d6vriga t\u00e4vlingsdagar &#8230;<\/p>\n","protected":false},"author":4,"featured_media":0,"parent":0,"menu_order":0,"comment_status":"closed","ping_status":"closed","template":"template-fullwidth.php","meta":{"_EventAllDay":false,"_EventTimezone":"","_EventStartDate":"","_EventEndDate":"","_EventStartDateUTC":"","_EventEndDateUTC":"","_EventShowMap":false,"_EventShowMapLink":false,"_EventURL":"","_EventCost":"","_EventCostDescription":"","_EventCurrencySymbol":"","_EventCurrencyCode":"","_EventCurrencyPosition":"","_EventDateTimeSeparator":"","_EventTimeRangeSeparator":"","_EventOrganizerID":[],"_EventVenueID":[],"_OrganizerEmail":"","_OrganizerPhone":"","_OrganizerWebsite":"","_VenueAddress":"","_VenueCity":"","_VenueCountry":"","_VenueProvince":"","_VenueState":"","_VenueZip":"","_VenuePhone":"","_VenueURL":"","_VenueStateProvince":"","_VenueLat":"","_VenueLng":"","_VenueShowMap":false,"_VenueShowMapLink":false,"footnotes":""},"class_list":["post-638","page","type-page","status-publish","hentry"],"acf":[],"_links":{"self":[{"href":"https:\/\/ostersundsmodellflygklubb.se\/index.php?rest_route=\/wp\/v2\/pages\/638","targetHints":{"allow":["GET"]}}],"collection":[{"href":"https:\/\/ostersundsmodellflygklubb.se\/index.php?rest_route=\/wp\/v2\/pages"}],"about":[{"href":"https:\/\/ostersundsmodellflygklubb.se\/index.php?rest_route=\/wp\/v2\/types\/page"}],"author":[{"embeddable":true,"href":"https:\/\/ostersundsmodellflygklubb.se\/index.php?rest_route=\/wp\/v2\/users\/4"}],"replies":[{"embeddable":true,"href":"https:\/\/ostersundsmodellflygklubb.se\/index.php?rest_route=%2Fwp%2Fv2%2Fcomments&post=638"}],"version-history":[{"count":5,"href":"https:\/\/ostersundsmodellflygklubb.se\/index.php?rest_route=\/wp\/v2\/pages\/638\/revisions"}],"predecessor-version":[{"id":1073,"href":"https:\/\/ostersundsmodellflygklubb.se\/index.php?rest_route=\/wp\/v2\/pages\/638\/revisions\/1073"}],"wp:attachment":[{"href":"https:\/\/ostersundsmodellflygklubb.se\/index.php?rest_route=%2Fwp%2Fv2%2Fmedia&parent=638"}],"curies":[{"name":"wp","href":"https:\/\/api.w.org\/{rel}","templated":true}]}}