{"id":802,"date":"2024-04-15T22:38:05","date_gmt":"2024-04-15T20:38:05","guid":{"rendered":"https:\/\/modellflygklubbar.se\/omfk\/?page_id=802"},"modified":"2025-04-29T22:25:54","modified_gmt":"2025-04-29T20:25:54","slug":"forsta-klubbtavlingen-2024","status":"publish","type":"page","link":"https:\/\/ostersundsmodellflygklubb.se\/?page_id=802","title":{"rendered":"Torstens Minne &#8211; klubbt\u00e4vling"},"content":{"rendered":"\n<p><\/p>\n\n\n\n<p class=\"has-vivid-red-color has-text-color has-link-color has-medium-font-size wp-elements-8770082827c6b44a273911c136752d9b\"><strong><u>Torstens minne 2025!!<\/u><\/strong><\/p>\n\n\n\n<p><\/p>\n\n\n\n<p>T\u00e4vlingen genomf\u00f6rdes i ganska OK v\u00e4der. Lite kall vind men f\u00f6rv\u00e5nansv\u00e4rt bra lyft vilket gav flera flygningar p\u00e5 4-5 minuter. Hamburgare och kaffe och prisutdelning i b\u00f6rjan av eftermiddagen.  Vinnare av den f\u00e4rdigbyggda RES-seglaren blev J\u00f6rgen Johansson-S\u00f6derback. <\/p>\n\n\n\n<figure class=\"wp-block-image size-large\"><img loading=\"lazy\" decoding=\"async\" width=\"1024\" height=\"768\" src=\"https:\/\/ostersundsmodellflygklubb.se\/wp-content\/uploads\/2025\/04\/IMG_5591-1024x768.jpeg\" alt=\"\" class=\"wp-image-1087\" srcset=\"https:\/\/ostersundsmodellflygklubb.se\/wp-content\/uploads\/2025\/04\/IMG_5591-1024x768.jpeg 1024w, https:\/\/ostersundsmodellflygklubb.se\/wp-content\/uploads\/2025\/04\/IMG_5591-300x225.jpeg 300w, https:\/\/ostersundsmodellflygklubb.se\/wp-content\/uploads\/2025\/04\/IMG_5591-768x576.jpeg 768w, https:\/\/ostersundsmodellflygklubb.se\/wp-content\/uploads\/2025\/04\/IMG_5591-1536x1152.jpeg 1536w, https:\/\/ostersundsmodellflygklubb.se\/wp-content\/uploads\/2025\/04\/IMG_5591-2048x1536.jpeg 2048w\" sizes=\"auto, (max-width: 1024px) 100vw, 1024px\" \/><\/figure>\n\n\n\n<p>T\u00e4vlingsdag 26\/4 med reservdag 27\/4 f\u00f6rsta start kl.10:00.&nbsp;<\/p>\n\n\n\n<p>Tanken \u00e4r att alla kan vara med och flyga med vad som helst bara det \u00e4r radiostyrt och flyger (inga begr\u00e4nsningar bara det passar inom ramarna f\u00f6r f\u00e4ltreglerna.) Du t\u00e4vlar mot dig sj\u00e4lv och dina resultat t\u00e4vlar du med mot dina motst\u00e5ndare.<\/p>\n\n\n\n<p>Men under sj\u00e4lva t\u00e4vlingsmomentets tidm\u00e4tning \u00e4r det glidflygning som g\u00e4ller. Tiden tas fr\u00e5n att linan sl\u00e4pper eller att motor st\u00e4ngs av.&nbsp;&nbsp;Landningspo\u00e4ng f\u00e5r man om man landar inom utsatt omr\u00e5de, annars blir man utan landningspo\u00e4ng, m\u00f6jligen publikens jubel vid spektakul\u00e4ra landnings\u00f6vningar men det \u00e4r allt. Landningspo\u00e4ngen ger en lott till ett hemligt pris i Torstens anda.<\/p>\n\n\n\n<p>5 st flygningar, 2 eller 3st flygningar innan t\u00e4vlingsstart du v\u00e4ljer din idealtid fr\u00e5n en av de tre flygningarna dvs den tiden man ska sikta p\u00e5 att komma s\u00e5 n\u00e4ra som m\u00f6jligt i de \u00f6vriga flygningarna. Omstart vid 1:a start i t\u00e4vlingen \u00e4r absolut till\u00e5tet om det knasar .  Maxgr\u00e4ns p\u00e5 flygtid \u00e4r 10min.<\/p>\n\n\n\n<p>Det du t\u00e4vlar med mot dina mot-t\u00e4vlanden \u00e4r differensen mellan dina flygningar. Ju l\u00e4ngre flygningar desto mera \u201dvingelm\u00e5n\u201d.&nbsp;<\/p>\n\n\n\n<p>Jag har byggt en excelsnurra som r\u00e4knar ut allt med po\u00e4ng mm \u00e5t oss. Men grunden \u00e4r att idealtiden blir 100% och alla tiderna r\u00e4knas om i procent och man f\u00e5r fram en procentsats av tidsdifferensen som man sen t\u00e4vlar mot de \u00f6vriga mot-t\u00e4vlanden med.&nbsp;&nbsp;10% av 60sek \u00e4r 6sek, 10% av 360sek \u00e4r 36sek osv..<br>Inget som n\u00e5gon ska beh\u00f6va fundera p\u00e5 utan man skriver bara in tiderna s\u00e5 sk\u00f6ter snurran resten. Lika f\u00f6r alla.<\/p>\n\n\n\n<p>Vinnaren av \u00e5rets Torstens minne vinner en f\u00e4rdig R.E.S seglare s\u00e5 om man vill kan man vara med i sommarens klubbsegelt\u00e4vling och t\u00e4vla.<\/p>\n\n\n\n<p>Om v\u00e4dret \u00e4r med oss kommer det finnas hamburgare, dricka, Kaffe\/Te o kaka under t\u00e4vlingsdagen 26\/4 med reservdag den 27\/4.<\/p>\n\n\n\n<p>Mvh<br>\/Torstens minnes t\u00e4vlings och festkommitt\u00e9.<\/p>\n\n\n\n<p class=\"has-text-align-center\">_________________________________________\/<\/p>\n\n\n\n<p><\/p>\n\n\n\n<p><strong>Bilder fr\u00e5n Torstens Minne 2024<\/strong><\/p>\n\n\n\n<figure class=\"wp-block-gallery has-nested-images columns-default is-cropped wp-block-gallery-1 is-layout-flex wp-block-gallery-is-layout-flex\">\n<figure data-wp-context=\"{&quot;imageId&quot;:&quot;69e8b9b7ba841&quot;}\" data-wp-interactive=\"core\/image\" data-wp-key=\"69e8b9b7ba841\" class=\"wp-block-image size-full wp-lightbox-container\"><img loading=\"lazy\" decoding=\"async\" width=\"2560\" height=\"1920\" data-wp-class--hide=\"state.isContentHidden\" data-wp-class--show=\"state.isContentVisible\" data-wp-init=\"callbacks.setButtonStyles\" data-wp-on--click=\"actions.showLightbox\" data-wp-on--load=\"callbacks.setButtonStyles\" data-wp-on-window--resize=\"callbacks.setButtonStyles\" data-id=\"821\" src=\"https:\/\/modellflygklubbar.se\/omfk\/wp-content\/uploads\/2024\/04\/IMG_8E10FA8AD7D6-1-scaled.jpeg\" alt=\"\" class=\"wp-image-821\" srcset=\"https:\/\/ostersundsmodellflygklubb.se\/wp-content\/uploads\/2024\/04\/IMG_8E10FA8AD7D6-1-scaled.jpeg 2560w, https:\/\/ostersundsmodellflygklubb.se\/wp-content\/uploads\/2024\/04\/IMG_8E10FA8AD7D6-1-300x225.jpeg 300w, https:\/\/ostersundsmodellflygklubb.se\/wp-content\/uploads\/2024\/04\/IMG_8E10FA8AD7D6-1-1024x768.jpeg 1024w, https:\/\/ostersundsmodellflygklubb.se\/wp-content\/uploads\/2024\/04\/IMG_8E10FA8AD7D6-1-768x576.jpeg 768w, https:\/\/ostersundsmodellflygklubb.se\/wp-content\/uploads\/2024\/04\/IMG_8E10FA8AD7D6-1-1536x1152.jpeg 1536w, https:\/\/ostersundsmodellflygklubb.se\/wp-content\/uploads\/2024\/04\/IMG_8E10FA8AD7D6-1-2048x1536.jpeg 2048w\" sizes=\"auto, (max-width: 2560px) 100vw, 2560px\" \/><button\n\t\t\tclass=\"lightbox-trigger\"\n\t\t\ttype=\"button\"\n\t\t\taria-haspopup=\"dialog\"\n\t\t\taria-label=\"F\u00f6rstora\"\n\t\t\tdata-wp-init=\"callbacks.initTriggerButton\"\n\t\t\tdata-wp-on--click=\"actions.showLightbox\"\n\t\t\tdata-wp-style--right=\"state.imageButtonRight\"\n\t\t\tdata-wp-style--top=\"state.imageButtonTop\"\n\t\t>\n\t\t\t<svg xmlns=\"http:\/\/www.w3.org\/2000\/svg\" width=\"12\" height=\"12\" fill=\"none\" viewBox=\"0 0 12 12\">\n\t\t\t\t<path fill=\"#fff\" d=\"M2 0a2 2 0 0 0-2 2v2h1.5V2a.5.5 0 0 1 .5-.5h2V0H2Zm2 10.5H2a.5.5 0 0 1-.5-.5V8H0v2a2 2 0 0 0 2 2h2v-1.5ZM8 12v-1.5h2a.5.5 0 0 0 .5-.5V8H12v2a2 2 0 0 1-2 2H8Zm2-12a2 2 0 0 1 2 2v2h-1.5V2a.5.5 0 0 0-.5-.5H8V0h2Z\" \/>\n\t\t\t<\/svg>\n\t\t<\/button><figcaption class=\"wp-element-caption\">Torstens Minne 2024<\/figcaption><\/figure>\n\n\n\n<figure data-wp-context=\"{&quot;imageId&quot;:&quot;69e8b9b7baba7&quot;}\" data-wp-interactive=\"core\/image\" data-wp-key=\"69e8b9b7baba7\" class=\"wp-block-image size-large wp-lightbox-container\"><img loading=\"lazy\" decoding=\"async\" width=\"1024\" height=\"768\" data-wp-class--hide=\"state.isContentHidden\" data-wp-class--show=\"state.isContentVisible\" data-wp-init=\"callbacks.setButtonStyles\" data-wp-on--click=\"actions.showLightbox\" data-wp-on--load=\"callbacks.setButtonStyles\" data-wp-on-window--resize=\"callbacks.setButtonStyles\" data-id=\"820\" src=\"https:\/\/modellflygklubbar.se\/omfk\/wp-content\/uploads\/2024\/04\/IMG_17DC97BD67C2-1-1024x768.jpeg\" alt=\"\" class=\"wp-image-820\" srcset=\"https:\/\/ostersundsmodellflygklubb.se\/wp-content\/uploads\/2024\/04\/IMG_17DC97BD67C2-1-1024x768.jpeg 1024w, https:\/\/ostersundsmodellflygklubb.se\/wp-content\/uploads\/2024\/04\/IMG_17DC97BD67C2-1-300x225.jpeg 300w, https:\/\/ostersundsmodellflygklubb.se\/wp-content\/uploads\/2024\/04\/IMG_17DC97BD67C2-1-768x576.jpeg 768w, https:\/\/ostersundsmodellflygklubb.se\/wp-content\/uploads\/2024\/04\/IMG_17DC97BD67C2-1-1536x1152.jpeg 1536w, https:\/\/ostersundsmodellflygklubb.se\/wp-content\/uploads\/2024\/04\/IMG_17DC97BD67C2-1-2048x1536.jpeg 2048w\" sizes=\"auto, (max-width: 1024px) 100vw, 1024px\" \/><button\n\t\t\tclass=\"lightbox-trigger\"\n\t\t\ttype=\"button\"\n\t\t\taria-haspopup=\"dialog\"\n\t\t\taria-label=\"F\u00f6rstora\"\n\t\t\tdata-wp-init=\"callbacks.initTriggerButton\"\n\t\t\tdata-wp-on--click=\"actions.showLightbox\"\n\t\t\tdata-wp-style--right=\"state.imageButtonRight\"\n\t\t\tdata-wp-style--top=\"state.imageButtonTop\"\n\t\t>\n\t\t\t<svg xmlns=\"http:\/\/www.w3.org\/2000\/svg\" width=\"12\" height=\"12\" fill=\"none\" viewBox=\"0 0 12 12\">\n\t\t\t\t<path fill=\"#fff\" d=\"M2 0a2 2 0 0 0-2 2v2h1.5V2a.5.5 0 0 1 .5-.5h2V0H2Zm2 10.5H2a.5.5 0 0 1-.5-.5V8H0v2a2 2 0 0 0 2 2h2v-1.5ZM8 12v-1.5h2a.5.5 0 0 0 .5-.5V8H12v2a2 2 0 0 1-2 2H8Zm2-12a2 2 0 0 1 2 2v2h-1.5V2a.5.5 0 0 0-.5-.5H8V0h2Z\" \/>\n\t\t\t<\/svg>\n\t\t<\/button><figcaption class=\"wp-element-caption\">Torstens Minne 2024<\/figcaption><\/figure>\n\n\n\n<figure data-wp-context=\"{&quot;imageId&quot;:&quot;69e8b9b7baed7&quot;}\" data-wp-interactive=\"core\/image\" data-wp-key=\"69e8b9b7baed7\" class=\"wp-block-image size-large wp-lightbox-container\"><img loading=\"lazy\" decoding=\"async\" width=\"1024\" height=\"478\" data-wp-class--hide=\"state.isContentHidden\" data-wp-class--show=\"state.isContentVisible\" data-wp-init=\"callbacks.setButtonStyles\" data-wp-on--click=\"actions.showLightbox\" data-wp-on--load=\"callbacks.setButtonStyles\" data-wp-on-window--resize=\"callbacks.setButtonStyles\" data-id=\"819\" src=\"https:\/\/modellflygklubbar.se\/omfk\/wp-content\/uploads\/2024\/04\/440317386_3333174130319772_6505762806745351703_n-1-1024x478.jpg\" alt=\"\" class=\"wp-image-819\" srcset=\"https:\/\/ostersundsmodellflygklubb.se\/wp-content\/uploads\/2024\/04\/440317386_3333174130319772_6505762806745351703_n-1-1024x478.jpg 1024w, https:\/\/ostersundsmodellflygklubb.se\/wp-content\/uploads\/2024\/04\/440317386_3333174130319772_6505762806745351703_n-1-300x140.jpg 300w, https:\/\/ostersundsmodellflygklubb.se\/wp-content\/uploads\/2024\/04\/440317386_3333174130319772_6505762806745351703_n-1-768x359.jpg 768w, https:\/\/ostersundsmodellflygklubb.se\/wp-content\/uploads\/2024\/04\/440317386_3333174130319772_6505762806745351703_n-1-1536x717.jpg 1536w, https:\/\/ostersundsmodellflygklubb.se\/wp-content\/uploads\/2024\/04\/440317386_3333174130319772_6505762806745351703_n-1.jpg 2000w\" sizes=\"auto, (max-width: 1024px) 100vw, 1024px\" \/><button\n\t\t\tclass=\"lightbox-trigger\"\n\t\t\ttype=\"button\"\n\t\t\taria-haspopup=\"dialog\"\n\t\t\taria-label=\"F\u00f6rstora\"\n\t\t\tdata-wp-init=\"callbacks.initTriggerButton\"\n\t\t\tdata-wp-on--click=\"actions.showLightbox\"\n\t\t\tdata-wp-style--right=\"state.imageButtonRight\"\n\t\t\tdata-wp-style--top=\"state.imageButtonTop\"\n\t\t>\n\t\t\t<svg xmlns=\"http:\/\/www.w3.org\/2000\/svg\" width=\"12\" height=\"12\" fill=\"none\" viewBox=\"0 0 12 12\">\n\t\t\t\t<path fill=\"#fff\" d=\"M2 0a2 2 0 0 0-2 2v2h1.5V2a.5.5 0 0 1 .5-.5h2V0H2Zm2 10.5H2a.5.5 0 0 1-.5-.5V8H0v2a2 2 0 0 0 2 2h2v-1.5ZM8 12v-1.5h2a.5.5 0 0 0 .5-.5V8H12v2a2 2 0 0 1-2 2H8Zm2-12a2 2 0 0 1 2 2v2h-1.5V2a.5.5 0 0 0-.5-.5H8V0h2Z\" \/>\n\t\t\t<\/svg>\n\t\t<\/button><figcaption class=\"wp-element-caption\">Torstens Minne 2024<\/figcaption><\/figure>\n\n\n\n<figure data-wp-context=\"{&quot;imageId&quot;:&quot;69e8b9b7bb212&quot;}\" data-wp-interactive=\"core\/image\" data-wp-key=\"69e8b9b7bb212\" class=\"wp-block-image size-large wp-lightbox-container\"><img loading=\"lazy\" decoding=\"async\" width=\"1024\" height=\"478\" data-wp-class--hide=\"state.isContentHidden\" data-wp-class--show=\"state.isContentVisible\" data-wp-init=\"callbacks.setButtonStyles\" data-wp-on--click=\"actions.showLightbox\" data-wp-on--load=\"callbacks.setButtonStyles\" data-wp-on-window--resize=\"callbacks.setButtonStyles\" data-id=\"818\" src=\"https:\/\/modellflygklubbar.se\/omfk\/wp-content\/uploads\/2024\/04\/440361444_742524011081971_5065143066111061856_n-1024x478.jpg\" alt=\"\" class=\"wp-image-818\" srcset=\"https:\/\/ostersundsmodellflygklubb.se\/wp-content\/uploads\/2024\/04\/440361444_742524011081971_5065143066111061856_n-1024x478.jpg 1024w, https:\/\/ostersundsmodellflygklubb.se\/wp-content\/uploads\/2024\/04\/440361444_742524011081971_5065143066111061856_n-300x140.jpg 300w, https:\/\/ostersundsmodellflygklubb.se\/wp-content\/uploads\/2024\/04\/440361444_742524011081971_5065143066111061856_n-768x359.jpg 768w, https:\/\/ostersundsmodellflygklubb.se\/wp-content\/uploads\/2024\/04\/440361444_742524011081971_5065143066111061856_n-1536x717.jpg 1536w, https:\/\/ostersundsmodellflygklubb.se\/wp-content\/uploads\/2024\/04\/440361444_742524011081971_5065143066111061856_n.jpg 2000w\" sizes=\"auto, (max-width: 1024px) 100vw, 1024px\" \/><button\n\t\t\tclass=\"lightbox-trigger\"\n\t\t\ttype=\"button\"\n\t\t\taria-haspopup=\"dialog\"\n\t\t\taria-label=\"F\u00f6rstora\"\n\t\t\tdata-wp-init=\"callbacks.initTriggerButton\"\n\t\t\tdata-wp-on--click=\"actions.showLightbox\"\n\t\t\tdata-wp-style--right=\"state.imageButtonRight\"\n\t\t\tdata-wp-style--top=\"state.imageButtonTop\"\n\t\t>\n\t\t\t<svg xmlns=\"http:\/\/www.w3.org\/2000\/svg\" width=\"12\" height=\"12\" fill=\"none\" viewBox=\"0 0 12 12\">\n\t\t\t\t<path fill=\"#fff\" d=\"M2 0a2 2 0 0 0-2 2v2h1.5V2a.5.5 0 0 1 .5-.5h2V0H2Zm2 10.5H2a.5.5 0 0 1-.5-.5V8H0v2a2 2 0 0 0 2 2h2v-1.5ZM8 12v-1.5h2a.5.5 0 0 0 .5-.5V8H12v2a2 2 0 0 1-2 2H8Zm2-12a2 2 0 0 1 2 2v2h-1.5V2a.5.5 0 0 0-.5-.5H8V0h2Z\" \/>\n\t\t\t<\/svg>\n\t\t<\/button><figcaption class=\"wp-element-caption\">Torstens Minne 2024<\/figcaption><\/figure>\n\n\n\n<figure data-wp-context=\"{&quot;imageId&quot;:&quot;69e8b9b7bb523&quot;}\" data-wp-interactive=\"core\/image\" data-wp-key=\"69e8b9b7bb523\" class=\"wp-block-image size-large wp-lightbox-container\"><img loading=\"lazy\" decoding=\"async\" width=\"1024\" height=\"478\" data-wp-class--hide=\"state.isContentHidden\" data-wp-class--show=\"state.isContentVisible\" data-wp-init=\"callbacks.setButtonStyles\" data-wp-on--click=\"actions.showLightbox\" data-wp-on--load=\"callbacks.setButtonStyles\" data-wp-on-window--resize=\"callbacks.setButtonStyles\" data-id=\"817\" src=\"https:\/\/modellflygklubbar.se\/omfk\/wp-content\/uploads\/2024\/04\/437209946_737303508563216_5463150240961536306_n-1024x478.jpg\" alt=\"\" class=\"wp-image-817\" srcset=\"https:\/\/ostersundsmodellflygklubb.se\/wp-content\/uploads\/2024\/04\/437209946_737303508563216_5463150240961536306_n-1024x478.jpg 1024w, https:\/\/ostersundsmodellflygklubb.se\/wp-content\/uploads\/2024\/04\/437209946_737303508563216_5463150240961536306_n-300x140.jpg 300w, https:\/\/ostersundsmodellflygklubb.se\/wp-content\/uploads\/2024\/04\/437209946_737303508563216_5463150240961536306_n-768x359.jpg 768w, https:\/\/ostersundsmodellflygklubb.se\/wp-content\/uploads\/2024\/04\/437209946_737303508563216_5463150240961536306_n-1536x717.jpg 1536w, https:\/\/ostersundsmodellflygklubb.se\/wp-content\/uploads\/2024\/04\/437209946_737303508563216_5463150240961536306_n.jpg 2000w\" sizes=\"auto, (max-width: 1024px) 100vw, 1024px\" \/><button\n\t\t\tclass=\"lightbox-trigger\"\n\t\t\ttype=\"button\"\n\t\t\taria-haspopup=\"dialog\"\n\t\t\taria-label=\"F\u00f6rstora\"\n\t\t\tdata-wp-init=\"callbacks.initTriggerButton\"\n\t\t\tdata-wp-on--click=\"actions.showLightbox\"\n\t\t\tdata-wp-style--right=\"state.imageButtonRight\"\n\t\t\tdata-wp-style--top=\"state.imageButtonTop\"\n\t\t>\n\t\t\t<svg xmlns=\"http:\/\/www.w3.org\/2000\/svg\" width=\"12\" height=\"12\" fill=\"none\" viewBox=\"0 0 12 12\">\n\t\t\t\t<path fill=\"#fff\" d=\"M2 0a2 2 0 0 0-2 2v2h1.5V2a.5.5 0 0 1 .5-.5h2V0H2Zm2 10.5H2a.5.5 0 0 1-.5-.5V8H0v2a2 2 0 0 0 2 2h2v-1.5ZM8 12v-1.5h2a.5.5 0 0 0 .5-.5V8H12v2a2 2 0 0 1-2 2H8Zm2-12a2 2 0 0 1 2 2v2h-1.5V2a.5.5 0 0 0-.5-.5H8V0h2Z\" \/>\n\t\t\t<\/svg>\n\t\t<\/button><figcaption class=\"wp-element-caption\">Torstens Minne 2024<\/figcaption><\/figure>\n\n\n\n<figure data-wp-context=\"{&quot;imageId&quot;:&quot;69e8b9b7bb8be&quot;}\" data-wp-interactive=\"core\/image\" data-wp-key=\"69e8b9b7bb8be\" class=\"wp-block-image size-large wp-lightbox-container\"><img loading=\"lazy\" decoding=\"async\" width=\"1024\" height=\"478\" data-wp-class--hide=\"state.isContentHidden\" data-wp-class--show=\"state.isContentVisible\" data-wp-init=\"callbacks.setButtonStyles\" data-wp-on--click=\"actions.showLightbox\" data-wp-on--load=\"callbacks.setButtonStyles\" data-wp-on-window--resize=\"callbacks.setButtonStyles\" data-id=\"816\" src=\"https:\/\/modellflygklubbar.se\/omfk\/wp-content\/uploads\/2024\/04\/437343853_415440564578290_9142019678138523377_n-1024x478.jpg\" alt=\"\" class=\"wp-image-816\" srcset=\"https:\/\/ostersundsmodellflygklubb.se\/wp-content\/uploads\/2024\/04\/437343853_415440564578290_9142019678138523377_n-1024x478.jpg 1024w, https:\/\/ostersundsmodellflygklubb.se\/wp-content\/uploads\/2024\/04\/437343853_415440564578290_9142019678138523377_n-300x140.jpg 300w, https:\/\/ostersundsmodellflygklubb.se\/wp-content\/uploads\/2024\/04\/437343853_415440564578290_9142019678138523377_n-768x359.jpg 768w, https:\/\/ostersundsmodellflygklubb.se\/wp-content\/uploads\/2024\/04\/437343853_415440564578290_9142019678138523377_n-1536x717.jpg 1536w, https:\/\/ostersundsmodellflygklubb.se\/wp-content\/uploads\/2024\/04\/437343853_415440564578290_9142019678138523377_n.jpg 2000w\" sizes=\"auto, (max-width: 1024px) 100vw, 1024px\" \/><button\n\t\t\tclass=\"lightbox-trigger\"\n\t\t\ttype=\"button\"\n\t\t\taria-haspopup=\"dialog\"\n\t\t\taria-label=\"F\u00f6rstora\"\n\t\t\tdata-wp-init=\"callbacks.initTriggerButton\"\n\t\t\tdata-wp-on--click=\"actions.showLightbox\"\n\t\t\tdata-wp-style--right=\"state.imageButtonRight\"\n\t\t\tdata-wp-style--top=\"state.imageButtonTop\"\n\t\t>\n\t\t\t<svg xmlns=\"http:\/\/www.w3.org\/2000\/svg\" width=\"12\" height=\"12\" fill=\"none\" viewBox=\"0 0 12 12\">\n\t\t\t\t<path fill=\"#fff\" d=\"M2 0a2 2 0 0 0-2 2v2h1.5V2a.5.5 0 0 1 .5-.5h2V0H2Zm2 10.5H2a.5.5 0 0 1-.5-.5V8H0v2a2 2 0 0 0 2 2h2v-1.5ZM8 12v-1.5h2a.5.5 0 0 0 .5-.5V8H12v2a2 2 0 0 1-2 2H8Zm2-12a2 2 0 0 1 2 2v2h-1.5V2a.5.5 0 0 0-.5-.5H8V0h2Z\" \/>\n\t\t\t<\/svg>\n\t\t<\/button><figcaption class=\"wp-element-caption\">Torstens Minne 2024<\/figcaption><\/figure>\n\n\n\n<figure data-wp-context=\"{&quot;imageId&quot;:&quot;69e8b9b7bbc15&quot;}\" data-wp-interactive=\"core\/image\" data-wp-key=\"69e8b9b7bbc15\" class=\"wp-block-image size-large wp-lightbox-container\"><img loading=\"lazy\" decoding=\"async\" width=\"1024\" height=\"478\" data-wp-class--hide=\"state.isContentHidden\" data-wp-class--show=\"state.isContentVisible\" data-wp-init=\"callbacks.setButtonStyles\" data-wp-on--click=\"actions.showLightbox\" data-wp-on--load=\"callbacks.setButtonStyles\" data-wp-on-window--resize=\"callbacks.setButtonStyles\" data-id=\"815\" src=\"https:\/\/modellflygklubbar.se\/omfk\/wp-content\/uploads\/2024\/04\/437080205_953969793090290_5844273228287367234_n-1024x478.jpg\" alt=\"\" class=\"wp-image-815\" srcset=\"https:\/\/ostersundsmodellflygklubb.se\/wp-content\/uploads\/2024\/04\/437080205_953969793090290_5844273228287367234_n-1024x478.jpg 1024w, https:\/\/ostersundsmodellflygklubb.se\/wp-content\/uploads\/2024\/04\/437080205_953969793090290_5844273228287367234_n-300x140.jpg 300w, https:\/\/ostersundsmodellflygklubb.se\/wp-content\/uploads\/2024\/04\/437080205_953969793090290_5844273228287367234_n-768x359.jpg 768w, https:\/\/ostersundsmodellflygklubb.se\/wp-content\/uploads\/2024\/04\/437080205_953969793090290_5844273228287367234_n-1536x717.jpg 1536w, https:\/\/ostersundsmodellflygklubb.se\/wp-content\/uploads\/2024\/04\/437080205_953969793090290_5844273228287367234_n.jpg 2000w\" sizes=\"auto, (max-width: 1024px) 100vw, 1024px\" \/><button\n\t\t\tclass=\"lightbox-trigger\"\n\t\t\ttype=\"button\"\n\t\t\taria-haspopup=\"dialog\"\n\t\t\taria-label=\"F\u00f6rstora\"\n\t\t\tdata-wp-init=\"callbacks.initTriggerButton\"\n\t\t\tdata-wp-on--click=\"actions.showLightbox\"\n\t\t\tdata-wp-style--right=\"state.imageButtonRight\"\n\t\t\tdata-wp-style--top=\"state.imageButtonTop\"\n\t\t>\n\t\t\t<svg xmlns=\"http:\/\/www.w3.org\/2000\/svg\" width=\"12\" height=\"12\" fill=\"none\" viewBox=\"0 0 12 12\">\n\t\t\t\t<path fill=\"#fff\" d=\"M2 0a2 2 0 0 0-2 2v2h1.5V2a.5.5 0 0 1 .5-.5h2V0H2Zm2 10.5H2a.5.5 0 0 1-.5-.5V8H0v2a2 2 0 0 0 2 2h2v-1.5ZM8 12v-1.5h2a.5.5 0 0 0 .5-.5V8H12v2a2 2 0 0 1-2 2H8Zm2-12a2 2 0 0 1 2 2v2h-1.5V2a.5.5 0 0 0-.5-.5H8V0h2Z\" \/>\n\t\t\t<\/svg>\n\t\t<\/button><figcaption class=\"wp-element-caption\">Torstens Minne 2024<\/figcaption><\/figure>\n\n\n\n<figure data-wp-context=\"{&quot;imageId&quot;:&quot;69e8b9b7bbf45&quot;}\" data-wp-interactive=\"core\/image\" data-wp-key=\"69e8b9b7bbf45\" class=\"wp-block-image size-large wp-lightbox-container\"><img loading=\"lazy\" decoding=\"async\" width=\"1024\" height=\"478\" data-wp-class--hide=\"state.isContentHidden\" data-wp-class--show=\"state.isContentVisible\" data-wp-init=\"callbacks.setButtonStyles\" data-wp-on--click=\"actions.showLightbox\" data-wp-on--load=\"callbacks.setButtonStyles\" data-wp-on-window--resize=\"callbacks.setButtonStyles\" data-id=\"814\" src=\"https:\/\/modellflygklubbar.se\/omfk\/wp-content\/uploads\/2024\/04\/440350741_355729347481854_2044165594908864670_n-1024x478.jpg\" alt=\"\" class=\"wp-image-814\" srcset=\"https:\/\/ostersundsmodellflygklubb.se\/wp-content\/uploads\/2024\/04\/440350741_355729347481854_2044165594908864670_n-1024x478.jpg 1024w, https:\/\/ostersundsmodellflygklubb.se\/wp-content\/uploads\/2024\/04\/440350741_355729347481854_2044165594908864670_n-300x140.jpg 300w, https:\/\/ostersundsmodellflygklubb.se\/wp-content\/uploads\/2024\/04\/440350741_355729347481854_2044165594908864670_n-768x359.jpg 768w, https:\/\/ostersundsmodellflygklubb.se\/wp-content\/uploads\/2024\/04\/440350741_355729347481854_2044165594908864670_n-1536x717.jpg 1536w, https:\/\/ostersundsmodellflygklubb.se\/wp-content\/uploads\/2024\/04\/440350741_355729347481854_2044165594908864670_n.jpg 2000w\" sizes=\"auto, (max-width: 1024px) 100vw, 1024px\" \/><button\n\t\t\tclass=\"lightbox-trigger\"\n\t\t\ttype=\"button\"\n\t\t\taria-haspopup=\"dialog\"\n\t\t\taria-label=\"F\u00f6rstora\"\n\t\t\tdata-wp-init=\"callbacks.initTriggerButton\"\n\t\t\tdata-wp-on--click=\"actions.showLightbox\"\n\t\t\tdata-wp-style--right=\"state.imageButtonRight\"\n\t\t\tdata-wp-style--top=\"state.imageButtonTop\"\n\t\t>\n\t\t\t<svg xmlns=\"http:\/\/www.w3.org\/2000\/svg\" width=\"12\" height=\"12\" fill=\"none\" viewBox=\"0 0 12 12\">\n\t\t\t\t<path fill=\"#fff\" d=\"M2 0a2 2 0 0 0-2 2v2h1.5V2a.5.5 0 0 1 .5-.5h2V0H2Zm2 10.5H2a.5.5 0 0 1-.5-.5V8H0v2a2 2 0 0 0 2 2h2v-1.5ZM8 12v-1.5h2a.5.5 0 0 0 .5-.5V8H12v2a2 2 0 0 1-2 2H8Zm2-12a2 2 0 0 1 2 2v2h-1.5V2a.5.5 0 0 0-.5-.5H8V0h2Z\" \/>\n\t\t\t<\/svg>\n\t\t<\/button><figcaption class=\"wp-element-caption\">Torstens Minne 2024<\/figcaption><\/figure>\n\n\n\n<figure data-wp-context=\"{&quot;imageId&quot;:&quot;69e8b9b7bc266&quot;}\" data-wp-interactive=\"core\/image\" data-wp-key=\"69e8b9b7bc266\" class=\"wp-block-image size-large wp-lightbox-container\"><img loading=\"lazy\" decoding=\"async\" width=\"1024\" height=\"478\" data-wp-class--hide=\"state.isContentHidden\" data-wp-class--show=\"state.isContentVisible\" data-wp-init=\"callbacks.setButtonStyles\" data-wp-on--click=\"actions.showLightbox\" data-wp-on--load=\"callbacks.setButtonStyles\" data-wp-on-window--resize=\"callbacks.setButtonStyles\" data-id=\"813\" src=\"https:\/\/modellflygklubbar.se\/omfk\/wp-content\/uploads\/2024\/04\/437667691_1422405091731032_6645648002411100978_n-1024x478.jpg\" alt=\"\" class=\"wp-image-813\" srcset=\"https:\/\/ostersundsmodellflygklubb.se\/wp-content\/uploads\/2024\/04\/437667691_1422405091731032_6645648002411100978_n-1024x478.jpg 1024w, https:\/\/ostersundsmodellflygklubb.se\/wp-content\/uploads\/2024\/04\/437667691_1422405091731032_6645648002411100978_n-300x140.jpg 300w, https:\/\/ostersundsmodellflygklubb.se\/wp-content\/uploads\/2024\/04\/437667691_1422405091731032_6645648002411100978_n-768x359.jpg 768w, https:\/\/ostersundsmodellflygklubb.se\/wp-content\/uploads\/2024\/04\/437667691_1422405091731032_6645648002411100978_n-1536x717.jpg 1536w, https:\/\/ostersundsmodellflygklubb.se\/wp-content\/uploads\/2024\/04\/437667691_1422405091731032_6645648002411100978_n.jpg 2000w\" sizes=\"auto, (max-width: 1024px) 100vw, 1024px\" \/><button\n\t\t\tclass=\"lightbox-trigger\"\n\t\t\ttype=\"button\"\n\t\t\taria-haspopup=\"dialog\"\n\t\t\taria-label=\"F\u00f6rstora\"\n\t\t\tdata-wp-init=\"callbacks.initTriggerButton\"\n\t\t\tdata-wp-on--click=\"actions.showLightbox\"\n\t\t\tdata-wp-style--right=\"state.imageButtonRight\"\n\t\t\tdata-wp-style--top=\"state.imageButtonTop\"\n\t\t>\n\t\t\t<svg xmlns=\"http:\/\/www.w3.org\/2000\/svg\" width=\"12\" height=\"12\" fill=\"none\" viewBox=\"0 0 12 12\">\n\t\t\t\t<path fill=\"#fff\" d=\"M2 0a2 2 0 0 0-2 2v2h1.5V2a.5.5 0 0 1 .5-.5h2V0H2Zm2 10.5H2a.5.5 0 0 1-.5-.5V8H0v2a2 2 0 0 0 2 2h2v-1.5ZM8 12v-1.5h2a.5.5 0 0 0 .5-.5V8H12v2a2 2 0 0 1-2 2H8Zm2-12a2 2 0 0 1 2 2v2h-1.5V2a.5.5 0 0 0-.5-.5H8V0h2Z\" \/>\n\t\t\t<\/svg>\n\t\t<\/button><figcaption class=\"wp-element-caption\">Torstens Minne 2024<\/figcaption><\/figure>\n<\/figure>\n\n\n\n<p><\/p>\n\n\n\n<p>Bilder fr\u00e5n klubbt\u00e4vling 2024-04-28. Fortfarande sn\u00f6 p\u00e5 f\u00e4ltet men soligt och en lyckad dag!<\/p>\n\n\n\n<p><\/p>\n","protected":false},"excerpt":{"rendered":"<p>Torstens minne 2025!! T\u00e4vlingen genomf\u00f6rdes i ganska OK v\u00e4der. Lite kall vind men f\u00f6rv\u00e5nansv\u00e4rt bra lyft vilket gav flera flygningar p\u00e5 4-5 minuter. Hamburgare och kaffe och prisutdelning i b\u00f6rjan &#8230;<\/p>\n","protected":false},"author":4,"featured_media":0,"parent":0,"menu_order":0,"comment_status":"closed","ping_status":"closed","template":"","meta":{"_EventAllDay":false,"_EventTimezone":"","_EventStartDate":"","_EventEndDate":"","_EventStartDateUTC":"","_EventEndDateUTC":"","_EventShowMap":false,"_EventShowMapLink":false,"_EventURL":"","_EventCost":"","_EventCostDescription":"","_EventCurrencySymbol":"","_EventCurrencyCode":"","_EventCurrencyPosition":"","_EventDateTimeSeparator":"","_EventTimeRangeSeparator":"","_EventOrganizerID":[],"_EventVenueID":[],"_OrganizerEmail":"","_OrganizerPhone":"","_OrganizerWebsite":"","_VenueAddress":"","_VenueCity":"","_VenueCountry":"","_VenueProvince":"","_VenueState":"","_VenueZip":"","_VenuePhone":"","_VenueURL":"","_VenueStateProvince":"","_VenueLat":"","_VenueLng":"","_VenueShowMap":false,"_VenueShowMapLink":false,"footnotes":""},"class_list":["post-802","page","type-page","status-publish","hentry"],"acf":[],"_links":{"self":[{"href":"https:\/\/ostersundsmodellflygklubb.se\/index.php?rest_route=\/wp\/v2\/pages\/802","targetHints":{"allow":["GET"]}}],"collection":[{"href":"https:\/\/ostersundsmodellflygklubb.se\/index.php?rest_route=\/wp\/v2\/pages"}],"about":[{"href":"https:\/\/ostersundsmodellflygklubb.se\/index.php?rest_route=\/wp\/v2\/types\/page"}],"author":[{"embeddable":true,"href":"https:\/\/ostersundsmodellflygklubb.se\/index.php?rest_route=\/wp\/v2\/users\/4"}],"replies":[{"embeddable":true,"href":"https:\/\/ostersundsmodellflygklubb.se\/index.php?rest_route=%2Fwp%2Fv2%2Fcomments&post=802"}],"version-history":[{"count":9,"href":"https:\/\/ostersundsmodellflygklubb.se\/index.php?rest_route=\/wp\/v2\/pages\/802\/revisions"}],"predecessor-version":[{"id":1089,"href":"https:\/\/ostersundsmodellflygklubb.se\/index.php?rest_route=\/wp\/v2\/pages\/802\/revisions\/1089"}],"wp:attachment":[{"href":"https:\/\/ostersundsmodellflygklubb.se\/index.php?rest_route=%2Fwp%2Fv2%2Fmedia&parent=802"}],"curies":[{"name":"wp","href":"https:\/\/api.w.org\/{rel}","templated":true}]}}