{"id":9,"date":"2018-11-26T13:58:25","date_gmt":"2018-11-26T12:58:25","guid":{"rendered":"http:\/\/xn--stersundstrffen-blb80a.se\/omfk_reg\/?page_id=9"},"modified":"2020-11-01T16:13:06","modified_gmt":"2020-11-01T15:13:06","slug":"andra-uppgifter","status":"publish","type":"page","link":"https:\/\/ostersundsmodellflygklubb.se\/?page_id=9","title":{"rendered":"\u00c4ndra uppgifter"},"content":{"rendered":"<p>Om du beh\u00f6ver \u00e4ndra dina uppgifter i medlemregistret fyller du i ditt unika ID och skickar. Du f\u00e5r d\u00e5 tillbaka ett mail med en l\u00e4nk till dina uppgifter. Du kan spara l\u00e4nken f\u00f6r framtida behov men var r\u00e4dd om den s\u00e5 att ingen obeh\u00f6rig kan \u00e4ndra dina uppgifter.<\/p>\n<div class=\"wrap pdb-retrieve pdb-instance-2mode-request \" >\n\n  <h4>Request your Private Link<\/h4>\n\n  \n\n  <form method=\"post\" enctype=\"multipart\/form-data\"  autocomplete=\"off\" action=\"\/index.php?rest_route=%2Fwp%2Fv2%2Fpages%2F9\" ><input name=\"action\" type=\"hidden\" value=\"retrieve\" \/>\n\n<input name=\"subsource\" type=\"hidden\" value=\"participants-database\" \/>\n\n<input name=\"shortcode_page\" type=\"hidden\" value=\"\/index.php?rest_route=%2Fwp%2Fv2%2Fpages%2F9\" \/>\n\n<input name=\"thanks_page\" type=\"hidden\" value=\"https:\/\/ostersundsmodellflygklubb.se\/?page_id=120\" \/>\n\n<input name=\"instance_index\" type=\"hidden\" value=\"2\" \/>\n\n<input name=\"pdb_data_keys\" type=\"hidden\" value=\"16\" \/>\n\n<input name=\"session_hash\" type=\"hidden\" value=\"872fb33746\" \/>\n\n    <table class=\"form-table pdb-signup\">\n\n  \n\n        <tbody class=\"field-group pdb-group-internal\">\n\n          \n            \n            <tr class=\"text-line\">\n\n              <th>Private ID<\/th>\n\n              <td id=\"pdb-private_id-2\">\n\n                <input name=\"private_id\" class=\" regular-text\" type=\"text\" value=\"\" \/>\n\n                        <span class=\"helptext\">Ange ditt privata ID s\u00e5 skickas l\u00e4nken till din E-post.<\/span>\n      \n              <\/td>\n\n            <\/tr>\n\n        \n          <\/tbody>\n\n            \n      <tbody class=\"field-group field-group-submit\">\n        <tr>\n          <td class=\"submit-buttons\">\n\n  <input name=\"submit_button\" class=\"button-primary pdb-submit\" type=\"submit\" value=\"Submit\" \/>\n\n          <\/td>\n        <\/tr>\n\n      <\/tbody>\n\n    <\/table>\n\n  <\/form>\n\n<\/div>\n<p>&nbsp;<\/p>\n","protected":false},"excerpt":{"rendered":"<p>Om du beh\u00f6ver \u00e4ndra dina uppgifter i medlemregistret fyller du i ditt unika ID och skickar. Du f\u00e5r d\u00e5 tillbaka ett mail med en l\u00e4nk till dina uppgifter. Du kan &#8230;<\/p>\n","protected":false},"author":1,"featured_media":0,"parent":0,"menu_order":0,"comment_status":"closed","ping_status":"closed","template":"template-fullwidth.php","meta":{"_EventAllDay":false,"_EventTimezone":"","_EventStartDate":"","_EventEndDate":"","_EventStartDateUTC":"","_EventEndDateUTC":"","_EventShowMap":false,"_EventShowMapLink":false,"_EventURL":"","_EventCost":"","_EventCostDescription":"","_EventCurrencySymbol":"","_EventCurrencyCode":"","_EventCurrencyPosition":"","_EventDateTimeSeparator":"","_EventTimeRangeSeparator":"","_EventOrganizerID":[],"_EventVenueID":[],"_OrganizerEmail":"","_OrganizerPhone":"","_OrganizerWebsite":"","_VenueAddress":"","_VenueCity":"","_VenueCountry":"","_VenueProvince":"","_VenueState":"","_VenueZip":"","_VenuePhone":"","_VenueURL":"","_VenueStateProvince":"","_VenueLat":"","_VenueLng":"","_VenueShowMap":false,"_VenueShowMapLink":false,"footnotes":""},"class_list":["post-9","page","type-page","status-publish","hentry"],"acf":[],"_links":{"self":[{"href":"https:\/\/ostersundsmodellflygklubb.se\/index.php?rest_route=\/wp\/v2\/pages\/9","targetHints":{"allow":["GET"]}}],"collection":[{"href":"https:\/\/ostersundsmodellflygklubb.se\/index.php?rest_route=\/wp\/v2\/pages"}],"about":[{"href":"https:\/\/ostersundsmodellflygklubb.se\/index.php?rest_route=\/wp\/v2\/types\/page"}],"author":[{"embeddable":true,"href":"https:\/\/ostersundsmodellflygklubb.se\/index.php?rest_route=\/wp\/v2\/users\/1"}],"replies":[{"embeddable":true,"href":"https:\/\/ostersundsmodellflygklubb.se\/index.php?rest_route=%2Fwp%2Fv2%2Fcomments&post=9"}],"version-history":[{"count":6,"href":"https:\/\/ostersundsmodellflygklubb.se\/index.php?rest_route=\/wp\/v2\/pages\/9\/revisions"}],"predecessor-version":[{"id":119,"href":"https:\/\/ostersundsmodellflygklubb.se\/index.php?rest_route=\/wp\/v2\/pages\/9\/revisions\/119"}],"wp:attachment":[{"href":"https:\/\/ostersundsmodellflygklubb.se\/index.php?rest_route=%2Fwp%2Fv2%2Fmedia&parent=9"}],"curies":[{"name":"wp","href":"https:\/\/api.w.org\/{rel}","templated":true}]}}