{"id":977,"date":"2025-01-29T14:42:11","date_gmt":"2025-01-29T13:42:11","guid":{"rendered":"https:\/\/ostersundsmodellflygklubb.se\/?page_id=977"},"modified":"2025-01-29T14:42:12","modified_gmt":"2025-01-29T13:42:12","slug":"vart-flygomrade","status":"publish","type":"page","link":"https:\/\/ostersundsmodellflygklubb.se\/?page_id=977","title":{"rendered":"V\u00e5rt flygomr\u00e5de"},"content":{"rendered":"\n<p>I v\u00e5rt TS-godk\u00e4nnande av f\u00e4ltet finns ett flygomr\u00e5de angivet. Samma omr\u00e5de ing\u00e5r i v\u00e5r \u00f6verenskommelse med \u00d6stersunds Flygklubb. Det \u00e4r viktigt att vi h\u00e5ller oss inom detta omr\u00e5de vid all flygning p\u00e5 v\u00e5rt f\u00e4lt.<\/p>\n\n\n\n<figure class=\"wp-block-image size-large\"><img loading=\"lazy\" decoding=\"async\" width=\"944\" height=\"1024\" src=\"https:\/\/ostersundsmodellflygklubb.se\/wp-content\/uploads\/2025\/01\/Optand_modellflyg_20190521_pdf-3-944x1024.jpg\" alt=\"\" class=\"wp-image-976\" srcset=\"https:\/\/ostersundsmodellflygklubb.se\/wp-content\/uploads\/2025\/01\/Optand_modellflyg_20190521_pdf-3-944x1024.jpg 944w, https:\/\/ostersundsmodellflygklubb.se\/wp-content\/uploads\/2025\/01\/Optand_modellflyg_20190521_pdf-3-277x300.jpg 277w, https:\/\/ostersundsmodellflygklubb.se\/wp-content\/uploads\/2025\/01\/Optand_modellflyg_20190521_pdf-3-768x833.jpg 768w, https:\/\/ostersundsmodellflygklubb.se\/wp-content\/uploads\/2025\/01\/Optand_modellflyg_20190521_pdf-3-1416x1536.jpg 1416w, https:\/\/ostersundsmodellflygklubb.se\/wp-content\/uploads\/2025\/01\/Optand_modellflyg_20190521_pdf-3.jpg 1862w\" sizes=\"auto, (max-width: 944px) 100vw, 944px\" \/><\/figure>\n","protected":false},"excerpt":{"rendered":"<p>I v\u00e5rt TS-godk\u00e4nnande av f\u00e4ltet finns ett flygomr\u00e5de angivet. Samma omr\u00e5de ing\u00e5r i v\u00e5r \u00f6verenskommelse med \u00d6stersunds Flygklubb. Det \u00e4r viktigt att vi h\u00e5ller oss inom detta omr\u00e5de vid all &#8230;<\/p>\n","protected":false},"author":4,"featured_media":0,"parent":0,"menu_order":0,"comment_status":"closed","ping_status":"closed","template":"","meta":{"_EventAllDay":false,"_EventTimezone":"","_EventStartDate":"","_EventEndDate":"","_EventStartDateUTC":"","_EventEndDateUTC":"","_EventShowMap":false,"_EventShowMapLink":false,"_EventURL":"","_EventCost":"","_EventCostDescription":"","_EventCurrencySymbol":"","_EventCurrencyCode":"","_EventCurrencyPosition":"","_EventDateTimeSeparator":"","_EventTimeRangeSeparator":"","_EventOrganizerID":[],"_EventVenueID":[],"_OrganizerEmail":"","_OrganizerPhone":"","_OrganizerWebsite":"","_VenueAddress":"","_VenueCity":"","_VenueCountry":"","_VenueProvince":"","_VenueState":"","_VenueZip":"","_VenuePhone":"","_VenueURL":"","_VenueStateProvince":"","_VenueLat":"","_VenueLng":"","_VenueShowMap":false,"_VenueShowMapLink":false,"footnotes":""},"class_list":["post-977","page","type-page","status-publish","hentry"],"acf":[],"_links":{"self":[{"href":"https:\/\/ostersundsmodellflygklubb.se\/index.php?rest_route=\/wp\/v2\/pages\/977","targetHints":{"allow":["GET"]}}],"collection":[{"href":"https:\/\/ostersundsmodellflygklubb.se\/index.php?rest_route=\/wp\/v2\/pages"}],"about":[{"href":"https:\/\/ostersundsmodellflygklubb.se\/index.php?rest_route=\/wp\/v2\/types\/page"}],"author":[{"embeddable":true,"href":"https:\/\/ostersundsmodellflygklubb.se\/index.php?rest_route=\/wp\/v2\/users\/4"}],"replies":[{"embeddable":true,"href":"https:\/\/ostersundsmodellflygklubb.se\/index.php?rest_route=%2Fwp%2Fv2%2Fcomments&post=977"}],"version-history":[{"count":1,"href":"https:\/\/ostersundsmodellflygklubb.se\/index.php?rest_route=\/wp\/v2\/pages\/977\/revisions"}],"predecessor-version":[{"id":979,"href":"https:\/\/ostersundsmodellflygklubb.se\/index.php?rest_route=\/wp\/v2\/pages\/977\/revisions\/979"}],"wp:attachment":[{"href":"https:\/\/ostersundsmodellflygklubb.se\/index.php?rest_route=%2Fwp%2Fv2%2Fmedia&parent=977"}],"curies":[{"name":"wp","href":"https:\/\/api.w.org\/{rel}","templated":true}]}}